{"id":2064,"date":"2018-12-11T11:09:44","date_gmt":"2018-12-11T10:09:44","guid":{"rendered":"https:\/\/bestem.com.pl\/innovationen\/"},"modified":"2018-12-11T12:06:34","modified_gmt":"2018-12-11T11:06:34","slug":"innovationen","status":"publish","type":"page","link":"https:\/\/bestem.com.pl\/de\/innovationen\/","title":{"rendered":"Innovationen"},"content":{"rendered":"<div class=\"wpb-content-wrapper\"><p>[vc_row gap=&#8220;35&#8243;][vc_column width=&#8220;1\/2&#8243;]<div id=\"ultimate-heading-772169e491ac85a1e\" class=\"uvc-heading ult-adjust-bottom-margin ultimate-heading-772169e491ac85a1e uvc-8689 \" data-hspacer=\"no_spacer\"  data-halign=\"left\" style=\"text-align:left\"><div class=\"uvc-heading-spacer no_spacer\" style=\"top\"><\/div><div class=\"uvc-main-heading ult-responsive\"  data-ultimate-target='.uvc-heading.ultimate-heading-772169e491ac85a1e h2'  data-responsive-json-new='{\"font-size\":\"desktop:24px;\",\"line-height\":\"desktop:26px;\"}' ><h2 style=\"font-family:&#039;Poppins&#039;;font-weight:700;color:#333333;margin-bottom:12px;\">LABOR<\/h2><\/div><div class=\"uvc-sub-heading ult-responsive\"  data-ultimate-target='.uvc-heading.ultimate-heading-772169e491ac85a1e .uvc-sub-heading '  data-responsive-json-new='{\"font-size\":\"desktop:15px;\",\"line-height\":\"desktop:27px;\"}'  style=\"font-family:&#039;Rubik&#039;;font-weight:300;\">Innovative L\u00f6sungen, Kreativit\u00e4t, Leidenschaft &#8211; ein Erfolgsrezept f\u00fcr jedes Unternehmen.<\/p>\n<p>Die Forschungs- und Entwicklungsabteilung von Bestem wurde gegr\u00fcndet, um die Kundenzufriedenheit zu gew\u00e4hrleisten. Sie bietet umfassende Dienstleistungen an, von der Entwicklung eines modellierten Produktdesigns bis hin zu Erprobungen hinsichtlich Ergonomie und Haltbarkeit.<\/div><\/div>[\/vc_column][vc_column width=&#8220;1\/2&#8243;]<style type=\"text\/css\" data-type=\"the7_shortcodes-inline-css\">.photos-carousel-shortcode-id-b456247ea458d0668c24d1b925c8d471.owl-carousel .owl-nav div {\n  width: 36px;\n  height: 36px;\n  border-radius: 500px;\n}\n.photos-carousel-shortcode-id-b456247ea458d0668c24d1b925c8d471.owl-carousel .owl-nav div:before,\n.photos-carousel-shortcode-id-b456247ea458d0668c24d1b925c8d471.owl-carousel .owl-nav div:after {\n  border-width: 0px;\n}\n.photos-carousel-shortcode-id-b456247ea458d0668c24d1b925c8d471.owl-carousel .owl-nav div.owl-prev {\n  top: 50%;\n  transform: translateY(calc(-50% + 0px));\n  left: -43px;\n}\n@media all and (-ms-high-contrast: none) {\n  .photos-carousel-shortcode-id-b456247ea458d0668c24d1b925c8d471.owl-carousel .owl-nav div.owl-prev {\n    transform: translateY(-50%);\n    margin-top: 0px;\n  }\n}\n.photos-carousel-shortcode-id-b456247ea458d0668c24d1b925c8d471.owl-carousel .owl-nav div.owl-prev i {\n  padding: 0px 0px 0px 0px;\n}\n.photos-carousel-shortcode-id-b456247ea458d0668c24d1b925c8d471.owl-carousel .owl-nav div.owl-next {\n  top: 50%;\n  transform: translateY(calc(-50% + 0px));\n  right: -43px;\n}\n@media all and (-ms-high-contrast: none) {\n  .photos-carousel-shortcode-id-b456247ea458d0668c24d1b925c8d471.owl-carousel .owl-nav div.owl-next {\n    transform: translateY(-50%);\n    margin-top: 0px;\n  }\n}\n.photos-carousel-shortcode-id-b456247ea458d0668c24d1b925c8d471.owl-carousel .owl-nav div.owl-next i {\n  padding: 0px 0px 0px 0px;\n}\n.photos-carousel-shortcode-id-b456247ea458d0668c24d1b925c8d471.owl-carousel .owl-nav i {\n  font-size: 18px;\n}\n.photos-carousel-shortcode-id-b456247ea458d0668c24d1b925c8d471.owl-carousel .owl-nav div:not(:hover) i,\n.photos-carousel-shortcode-id-b456247ea458d0668c24d1b925c8d471.owl-carousel .owl-nav div:not(:hover) i:before {\n  color: #333333;\n  background: none;\n}\n.photos-carousel-shortcode-id-b456247ea458d0668c24d1b925c8d471.owl-carousel .owl-nav div:hover i,\n.photos-carousel-shortcode-id-b456247ea458d0668c24d1b925c8d471.owl-carousel .owl-nav div:hover i:before {\n  color: #686868;\n  background: none;\n}\n.photos-carousel-shortcode-id-b456247ea458d0668c24d1b925c8d471 .owl-dots {\n  top: calc(100% + 8px);\n  left: 50%;\n  transform: translateX(calc(-50% + 0px));\n}\n@media all and (-ms-high-contrast: none) {\n  .photos-carousel-shortcode-id-b456247ea458d0668c24d1b925c8d471 .owl-dots {\n    transform: translateX(-50%);\n    margin-left: 0px;\n  }\n}\n.photos-carousel-shortcode-id-b456247ea458d0668c24d1b925c8d471 .owl-dot {\n  width: 6px;\n  height: 6px;\n  margin: 0 8px;\n}\n.bullets-scale-up.photos-carousel-shortcode-id-b456247ea458d0668c24d1b925c8d471 .owl-dot:not(.active):not(:hover) span {\n  background: #8c8c8c;\n  -webkit-box-shadow: none;\n  box-shadow: none;\n}\n.bullets-scale-up.photos-carousel-shortcode-id-b456247ea458d0668c24d1b925c8d471 .owl-dot:not(.active):hover span,\n.bullets-scale-up.photos-carousel-shortcode-id-b456247ea458d0668c24d1b925c8d471 .owl-dot.active span {\n  background: #333333;\n  -webkit-box-shadow: none;\n  box-shadow: none;\n}\n.bullets-stroke.photos-carousel-shortcode-id-b456247ea458d0668c24d1b925c8d471 .owl-dot:not(.active):not(:hover) span {\n  background: #8c8c8c;\n  -webkit-box-shadow: none;\n  box-shadow: none;\n}\n.bullets-stroke.photos-carousel-shortcode-id-b456247ea458d0668c24d1b925c8d471 .owl-dot:not(.active):hover span {\n  background: #333333;\n  -webkit-box-shadow: none;\n  box-shadow: none;\n}\n.bullets-stroke.photos-carousel-shortcode-id-b456247ea458d0668c24d1b925c8d471 .owl-dot.active span {\n  -webkit-box-shadow: 0 0 0 2px #333333;\n  box-shadow: 0 0 0 2px #333333;\n}\n.bullets-fill-in.photos-carousel-shortcode-id-b456247ea458d0668c24d1b925c8d471 .owl-dot:not(.active):not(:hover) span {\n  -webkit-box-shadow: inset 0 0 0 2px #8c8c8c;\n  box-shadow: inset 0 0 0 2px #8c8c8c;\n}\n.bullets-fill-in.photos-carousel-shortcode-id-b456247ea458d0668c24d1b925c8d471 .owl-dot:not(.active):hover span {\n  -webkit-box-shadow: inset 0 0 0 2px #333333;\n  box-shadow: inset 0 0 0 2px #333333;\n}\n.bullets-fill-in.photos-carousel-shortcode-id-b456247ea458d0668c24d1b925c8d471 .owl-dot.active span {\n  -webkit-box-shadow: inset 0 0 0 20px #333333;\n  box-shadow: inset 0 0 0 20px #333333;\n}\n.bullets-small-dot-stroke.photos-carousel-shortcode-id-b456247ea458d0668c24d1b925c8d471 .owl-dot:not(.active):not(:hover) span {\n  background: #8c8c8c;\n  -webkit-box-shadow: none;\n  box-shadow: none;\n}\n.bullets-small-dot-stroke.photos-carousel-shortcode-id-b456247ea458d0668c24d1b925c8d471 .owl-dot:not(.active):hover span,\n.bullets-small-dot-stroke.photos-carousel-shortcode-id-b456247ea458d0668c24d1b925c8d471 .owl-dot.active span {\n  background: #333333;\n  -webkit-box-shadow: none;\n  box-shadow: none;\n}\n.bullets-small-dot-stroke.photos-carousel-shortcode-id-b456247ea458d0668c24d1b925c8d471 .owl-dot.active {\n  -webkit-box-shadow: 0 0 0 2px #333333;\n  box-shadow: 0 0 0 2px #333333;\n}\n.bullets-ubax.photos-carousel-shortcode-id-b456247ea458d0668c24d1b925c8d471 .owl-dot span {\n  background: #8c8c8c;\n  -webkit-box-shadow: none;\n  box-shadow: none;\n}\n.bullets-ubax.photos-carousel-shortcode-id-b456247ea458d0668c24d1b925c8d471 .owl-dot.active span {\n  border-color: #333333;\n}\n.bullets-ubax.photos-carousel-shortcode-id-b456247ea458d0668c24d1b925c8d471 .owl-dot:not(.active):hover span {\n  background: #333333;\n  -webkit-box-shadow: none;\n  box-shadow: none;\n}\n.bullets-etefu.photos-carousel-shortcode-id-b456247ea458d0668c24d1b925c8d471 .owl-dot span {\n  background: #8c8c8c;\n  -webkit-box-shadow: none;\n  box-shadow: none;\n}\n.bullets-etefu.photos-carousel-shortcode-id-b456247ea458d0668c24d1b925c8d471 .owl-dot:not(.active):hover span {\n  background: #333333;\n  -webkit-box-shadow: none;\n  box-shadow: none;\n}\n.bullets-etefu.photos-carousel-shortcode-id-b456247ea458d0668c24d1b925c8d471 .owl-dot span:before {\n  background: #333333;\n  -webkit-box-shadow: none;\n  box-shadow: none;\n}\n.accent-gradient .bullets-etefu.photos-carousel-shortcode-id-b456247ea458d0668c24d1b925c8d471 .owl-dot span:before {\n  background: #333333;\n  -webkit-box-shadow: none;\n  box-shadow: none;\n}\n@media screen and (max-width: 778px) {\n  .photos-carousel-shortcode-id-b456247ea458d0668c24d1b925c8d471.hide-arrows.owl-carousel .owl-nav a {\n    display: none;\n  }\n}\n@media screen and (max-width: 778px) {\n  .photos-carousel-shortcode-id-b456247ea458d0668c24d1b925c8d471.reposition-arrows.owl-carousel .owl-nav .owl-prev {\n    top: 50%;\n    transform: translateY(calc(-50% + 0px));\n    left: 10px;\n  }\n  .photos-carousel-shortcode-id-b456247ea458d0668c24d1b925c8d471.reposition-arrows.owl-carousel .owl-nav .owl-next {\n    top: 50%;\n    transform: translateY(calc(-50% + 0px));\n    right: 10px;\n  }\n}\n@media screen and (max-width: 778px) and all and (-ms-high-contrast: none) {\n  .photos-carousel-shortcode-id-b456247ea458d0668c24d1b925c8d471.reposition-arrows.owl-carousel .owl-nav .owl-prev {\n    transform: translateY(-50%);\n    margin-top: 0px;\n  }\n}\n@media screen and (max-width: 778px) and all and (-ms-high-contrast: none) {\n  .photos-carousel-shortcode-id-b456247ea458d0668c24d1b925c8d471.reposition-arrows.owl-carousel .owl-nav .owl-next {\n    transform: translateY(-50%);\n    margin-top: 0px;\n  }\n}\n.photos-carousel-shortcode-id-b456247ea458d0668c24d1b925c8d471 figure,\n.photos-carousel-shortcode-id-b456247ea458d0668c24d1b925c8d471 .rollover,\n.photos-carousel-shortcode-id-b456247ea458d0668c24d1b925c8d471 img,\n.photos-carousel-shortcode-id-b456247ea458d0668c24d1b925c8d471 .gallery-rollover {\n  border-radius: 0px;\n}\n.photos-carousel-shortcode-id-b456247ea458d0668c24d1b925c8d471.enable-bg-rollover .gallery-rollover {\n  background: -webkit-linear-gradient();\n  background: linear-gradient();\n}\n.photos-carousel-shortcode-id-b456247ea458d0668c24d1b925c8d471.enable-bg-rollover.hover-scale .rollover:after {\n  background: -webkit-linear-gradient();\n  background: linear-gradient();\n}\n.photos-carousel-shortcode-id-b456247ea458d0668c24d1b925c8d471.enable-img-shadow .owl-stage-outer {\n  padding: 14px 0;\n}\n.photos-carousel-shortcode-id-b456247ea458d0668c24d1b925c8d471.gallery-shortcode .gallery-zoom-ico {\n  width: 44px;\n  height: 44px;\n  line-height: 44px;\n  border-radius: 100px;\n  margin: -22px 0 0 -22px;\n  border-width: 0px;\n}\n.dt-icon-bg-on.photos-carousel-shortcode-id-b456247ea458d0668c24d1b925c8d471.gallery-shortcode .gallery-zoom-ico {\n  background: rgba(255,255,255,0.3);\n  -webkit-box-shadow: none;\n  box-shadow: none;\n}\n.photos-carousel-shortcode-id-b456247ea458d0668c24d1b925c8d471.gallery-shortcode .gallery-zoom-ico:before,\n.photos-carousel-shortcode-id-b456247ea458d0668c24d1b925c8d471.gallery-shortcode .gallery-zoom-ico span {\n  font-size: 32px;\n  line-height: 44px;\n  color: #ffffff;\n  background: none;\n}<\/style><div class=\"owl-carousel gallery-carousel-shortcode gallery-shortcode dt-gallery-container album-gallery-shortcode dt-owl-carousel-call photos-carousel-shortcode-id-b456247ea458d0668c24d1b925c8d471 scale-img enable-bg-rollover meta-info-off bullets-scale-up reposition-arrows dt-icon-bg-off arrows-bg-off disable-arrows-hover-bg arrows-hover-bg-off  hover-fade \" data-scroll-mode=\"1\" data-col-num=\"3\" data-wide-col-num=\"3\" data-laptop-col=\"3\" data-h-tablet-columns-num=\"2\" data-v-tablet-columns-num=\"2\" data-phone-columns-num=\"1\" data-col-gap=\"10\" data-stage-padding=\"0\" data-speed=\"600\" data-autoplay=\"false\" data-autoplay_speed=\"6000\" data-arrows=\"true\" data-bullet=\"true\" data-next-icon=\"icon-ar-019-r\" data-prev-icon=\"icon-ar-019-l\" data-img-shadow-size=\"12px\" data-img-shadow-spread=\"3px\"><article class=\"post visible post-1688 attachment type-attachment status-inherit hentry\"><a href=\"https:\/\/bestem.com.pl\/wp-content\/uploads\/2018\/10\/DSC02442-1024x684.jpg\" class=\"rollover-click-target rollover dt-pswp-item layzr-bg\" title=\"DSC02442-1024&#215;684\" data-dt-img-description=\"\"  data-large_image_width=\"1024\" data-large_image_height = \"684\" ><img fetchpriority=\"high\" decoding=\"async\" class=\"preload-me owl-lazy-load aspect\" src=\"data:image\/svg+xml,%3Csvg%20xmlns%3D&#39;http%3A%2F%2Fwww.w3.org%2F2000%2Fsvg&#39;%20viewBox%3D&#39;0%200%20684%20684&#39;%2F%3E\" data-src=\"https:\/\/bestem.com.pl\/wp-content\/uploads\/2018\/10\/DSC02442-1024x684-684x684.jpg\" data-srcset=\"https:\/\/bestem.com.pl\/wp-content\/uploads\/2018\/10\/DSC02442-1024x684-684x684.jpg 684w\" loading=\"eager\" style=\"--ratio: 684 \/ 684\" sizes=\"(max-width: 684px) 100vw, 684px\" alt=\"\" width=\"684\" height=\"684\"  \/><span class=\"gallery-rollover\"><\/span><\/a><\/article><article class=\"post visible post-1690 attachment type-attachment status-inherit hentry\"><a href=\"https:\/\/bestem.com.pl\/wp-content\/uploads\/2018\/10\/DSC02443-1024x684.jpg\" class=\"rollover-click-target rollover dt-pswp-item layzr-bg\" title=\"DSC02443-1024&#215;684\" data-dt-img-description=\"\"  data-large_image_width=\"1024\" data-large_image_height = \"684\" ><img decoding=\"async\" class=\"preload-me owl-lazy-load aspect\" src=\"data:image\/svg+xml,%3Csvg%20xmlns%3D&#39;http%3A%2F%2Fwww.w3.org%2F2000%2Fsvg&#39;%20viewBox%3D&#39;0%200%20684%20684&#39;%2F%3E\" data-src=\"https:\/\/bestem.com.pl\/wp-content\/uploads\/2018\/10\/DSC02443-1024x684-684x684.jpg\" data-srcset=\"https:\/\/bestem.com.pl\/wp-content\/uploads\/2018\/10\/DSC02443-1024x684-684x684.jpg 684w\" loading=\"eager\" style=\"--ratio: 684 \/ 684\" sizes=\"(max-width: 684px) 100vw, 684px\" alt=\"\" width=\"684\" height=\"684\"  \/><span class=\"gallery-rollover\"><\/span><\/a><\/article><article class=\"post visible post-1692 attachment type-attachment status-inherit hentry\"><a href=\"https:\/\/bestem.com.pl\/wp-content\/uploads\/2018\/10\/DSC02448-1024x684.jpg\" class=\"rollover-click-target rollover dt-pswp-item layzr-bg\" title=\"DSC02448-1024&#215;684\" data-dt-img-description=\"\"  data-large_image_width=\"1024\" data-large_image_height = \"684\" ><img decoding=\"async\" class=\"preload-me owl-lazy-load aspect\" src=\"data:image\/svg+xml,%3Csvg%20xmlns%3D&#39;http%3A%2F%2Fwww.w3.org%2F2000%2Fsvg&#39;%20viewBox%3D&#39;0%200%20684%20684&#39;%2F%3E\" data-src=\"https:\/\/bestem.com.pl\/wp-content\/uploads\/2018\/10\/DSC02448-1024x684-684x684.jpg\" data-srcset=\"https:\/\/bestem.com.pl\/wp-content\/uploads\/2018\/10\/DSC02448-1024x684-684x684.jpg 684w\" loading=\"eager\" style=\"--ratio: 684 \/ 684\" sizes=\"(max-width: 684px) 100vw, 684px\" alt=\"\" width=\"684\" height=\"684\"  \/><span class=\"gallery-rollover\"><\/span><\/a><\/article><article class=\"post visible post-1694 attachment type-attachment status-inherit hentry\"><a href=\"https:\/\/bestem.com.pl\/wp-content\/uploads\/2018\/10\/DSC02453-1024x684.jpg\" class=\"rollover-click-target rollover dt-pswp-item layzr-bg\" title=\"DSC02453-1024&#215;684\" data-dt-img-description=\"\"  data-large_image_width=\"1024\" data-large_image_height = \"684\" ><img decoding=\"async\" class=\"preload-me owl-lazy-load aspect\" src=\"data:image\/svg+xml,%3Csvg%20xmlns%3D&#39;http%3A%2F%2Fwww.w3.org%2F2000%2Fsvg&#39;%20viewBox%3D&#39;0%200%20684%20684&#39;%2F%3E\" data-src=\"https:\/\/bestem.com.pl\/wp-content\/uploads\/2018\/10\/DSC02453-1024x684-684x684.jpg\" data-srcset=\"https:\/\/bestem.com.pl\/wp-content\/uploads\/2018\/10\/DSC02453-1024x684-684x684.jpg 684w\" loading=\"eager\" style=\"--ratio: 684 \/ 684\" sizes=\"(max-width: 684px) 100vw, 684px\" alt=\"\" width=\"684\" height=\"684\"  \/><span class=\"gallery-rollover\"><\/span><\/a><\/article><\/div>[\/vc_column][\/vc_row][vc_row bg_type=&#8220;image&#8220; parallax_style=&#8220;vcpb-vz-jquery&#8220; bg_image_new=&#8220;id^68|url^https:\/\/bestem.com.pl\/wp-content\/uploads\/2018\/10\/header-box-main.png|caption^null|alt^null|title^header-box-main|description^null&#8220; bg_image_repeat=&#8220;no-repeat&#8220; parallax_sense=&#8220;30&#8243; bg_override=&#8220;full&#8220; disable_on_mobile_img_parallax=&#8220;disable_on_mobile_img_parallax_value&#8220; enable_overlay=&#8220;enable_overlay_value&#8220; overlay_color=&#8220;rgba(2,2,2,0.1)&#8220; overlay_pattern=&#8220;transperant&#8220; css=&#8220;.vc_custom_1540155344722{margin-top: 96px !important;padding-top: 100px !important;padding-bottom: 100px !important;}&#8220;][vc_column]<div id=\"ultimate-heading-691369e491ac8c7aa\" class=\"uvc-heading ult-adjust-bottom-margin ultimate-heading-691369e491ac8c7aa uvc-3404 \" data-hspacer=\"no_spacer\"  data-halign=\"center\" style=\"text-align:center\"><div class=\"uvc-heading-spacer no_spacer\" style=\"top\"><\/div><div class=\"uvc-main-heading ult-responsive\"  data-ultimate-target='.uvc-heading.ultimate-heading-691369e491ac8c7aa h2'  data-responsive-json-new='{\"font-size\":\"desktop:42px;\",\"line-height\":\"desktop:56px;\"}' ><h2 style=\"font-family:&#039;Poppins&#039;;font-weight:700;color:#ffffff;margin-bottom:24px;\">WIR SCHAFFEN F\u00dcR SIE IM EINKLANG MIT DER NATUR<\/h2><\/div><div class=\"uvc-sub-heading ult-responsive\"  data-ultimate-target='.uvc-heading.ultimate-heading-691369e491ac8c7aa .uvc-sub-heading '  data-responsive-json-new='{\"font-size\":\"desktop:15px;\",\"line-height\":\"desktop:27px;\"}'  style=\"font-family:&#039;Poppins&#039;;font-weight:500;color:#ffffff;\">Wir sind ein sozial verantwortliches Unternehmen. Wir sind lokal eingebunden und f\u00f6rdern pro-\u00f6kologische Verhaltensweisen und Einstellungen. Wir schaffen f\u00fcr Sie im Einklang mit der Natur.<\/div><\/div>[\/vc_column][\/vc_row]<\/p>\n<\/div>","protected":false},"excerpt":{"rendered":"<p>[vc_row gap=&#8220;35&#8243;][vc_column width=&#8220;1\/2&#8243;][\/vc_column][vc_column width=&#8220;1\/2&#8243;][\/vc_column][\/vc_row][vc_row bg_type=&#8220;image&#8220; parallax_style=&#8220;vcpb-vz-jquery&#8220; bg_image_new=&#8220;id^68|url^https:\/\/bestem.com.pl\/wp-content\/uploads\/2018\/10\/header-box-main.png|caption^null|alt^null|title^header-box-main|description^null&#8220; bg_image_repeat=&#8220;no-repeat&#8220; parallax_sense=&#8220;30&#8243; bg_override=&#8220;full&#8220; disable_on_mobile_img_parallax=&#8220;disable_on_mobile_img_parallax_value&#8220; enable_overlay=&#8220;enable_overlay_value&#8220; overlay_color=&#8220;rgba(2,2,2,0.1)&#8220; overlay_pattern=&#8220;transperant&#8220; css=&#8220;.vc_custom_1540155344722{margin-top: 96px !important;padding-top: 100px !important;padding-bottom: 100px !important;}&#8220;][vc_column][\/vc_column][\/vc_row]<\/p>\n","protected":false},"author":1,"featured_media":0,"parent":0,"menu_order":0,"comment_status":"closed","ping_status":"closed","template":"","meta":{"footnotes":""},"class_list":["post-2064","page","type-page","status-publish","hentry","description-off"],"yoast_head":"<!-- This site is optimized with the Yoast SEO plugin v26.6 - https:\/\/yoast.com\/wordpress\/plugins\/seo\/ -->\n<title>Innovationen | Bestem<\/title>\n<meta name=\"robots\" content=\"index, follow, max-snippet:-1, max-image-preview:large, max-video-preview:-1\" \/>\n<link rel=\"canonical\" href=\"https:\/\/bestem.com.pl\/innovationen\/?lang=de\" \/>\n<meta property=\"og:locale\" content=\"de_DE\" \/>\n<meta property=\"og:type\" content=\"article\" \/>\n<meta property=\"og:title\" content=\"Innovationen | Bestem\" \/>\n<meta property=\"og:description\" content=\"[vc_row gap=&#8220;35&#8243;][vc_column width=&#8220;1\/2&#8243;][\/vc_column][vc_column width=&#8220;1\/2&#8243;][\/vc_column][\/vc_row][vc_row bg_type=&#8220;image&#8220; parallax_style=&#8220;vcpb-vz-jquery&#8220; bg_image_new=&#8220;id^68|url^https:\/\/bestem.com.pl\/wp-content\/uploads\/2018\/10\/header-box-main.png|caption^null|alt^null|title^header-box-main|description^null&#8220; bg_image_repeat=&#8220;no-repeat&#8220; parallax_sense=&#8220;30&#8243; bg_override=&#8220;full&#8220; disable_on_mobile_img_parallax=&#8220;disable_on_mobile_img_parallax_value&#8220; enable_overlay=&#8220;enable_overlay_value&#8220; overlay_color=&#8220;rgba(2,2,2,0.1)&#8220; overlay_pattern=&#8220;transperant&#8220; css=&#8220;.vc_custom_1540155344722{margin-top: 96px !important;padding-top: 100px !important;padding-bottom: 100px !important;}&#8220;][vc_column][\/vc_column][\/vc_row]\" \/>\n<meta property=\"og:url\" content=\"https:\/\/bestem.com.pl\/innovationen\/?lang=de\" \/>\n<meta property=\"og:site_name\" content=\"Bestem\" \/>\n<meta property=\"article:publisher\" content=\"https:\/\/www.facebook.com\/bestemcompany\/\" \/>\n<meta property=\"article:modified_time\" content=\"2018-12-11T11:06:34+00:00\" \/>\n<meta name=\"twitter:card\" content=\"summary_large_image\" \/>\n<meta name=\"twitter:label1\" content=\"Gesch\u00e4tzte Lesezeit\" \/>\n\t<meta name=\"twitter:data1\" content=\"2\u00a0Minuten\" \/>\n<script type=\"application\/ld+json\" class=\"yoast-schema-graph\">{\"@context\":\"https:\/\/schema.org\",\"@graph\":[{\"@type\":\"WebPage\",\"@id\":\"https:\/\/bestem.com.pl\/innovationen\/?lang=de\",\"url\":\"https:\/\/bestem.com.pl\/innovationen\/?lang=de\",\"name\":\"Innovationen | Bestem\",\"isPartOf\":{\"@id\":\"https:\/\/bestem.com.pl\/#website\"},\"datePublished\":\"2018-12-11T10:09:44+00:00\",\"dateModified\":\"2018-12-11T11:06:34+00:00\",\"breadcrumb\":{\"@id\":\"https:\/\/bestem.com.pl\/innovationen\/?lang=de#breadcrumb\"},\"inLanguage\":\"de\",\"potentialAction\":[{\"@type\":\"ReadAction\",\"target\":[\"https:\/\/bestem.com.pl\/innovationen\/?lang=de\"]}]},{\"@type\":\"BreadcrumbList\",\"@id\":\"https:\/\/bestem.com.pl\/innovationen\/?lang=de#breadcrumb\",\"itemListElement\":[{\"@type\":\"ListItem\",\"position\":1,\"name\":\"Strona g\u0142\u00f3wna\",\"item\":\"https:\/\/bestem.com.pl\/?lang=de\"},{\"@type\":\"ListItem\",\"position\":2,\"name\":\"Innovationen\"}]},{\"@type\":\"WebSite\",\"@id\":\"https:\/\/bestem.com.pl\/#website\",\"url\":\"https:\/\/bestem.com.pl\/\",\"name\":\"Bestem\",\"description\":\"Producent wype\u0142nie\u0144 papierowych typu plaster miodu\",\"potentialAction\":[{\"@type\":\"SearchAction\",\"target\":{\"@type\":\"EntryPoint\",\"urlTemplate\":\"https:\/\/bestem.com.pl\/?s={search_term_string}\"},\"query-input\":{\"@type\":\"PropertyValueSpecification\",\"valueRequired\":true,\"valueName\":\"search_term_string\"}}],\"inLanguage\":\"de\"}]}<\/script>\n<!-- \/ Yoast SEO plugin. -->","yoast_head_json":{"title":"Innovationen | Bestem","robots":{"index":"index","follow":"follow","max-snippet":"max-snippet:-1","max-image-preview":"max-image-preview:large","max-video-preview":"max-video-preview:-1"},"canonical":"https:\/\/bestem.com.pl\/innovationen\/?lang=de","og_locale":"de_DE","og_type":"article","og_title":"Innovationen | Bestem","og_description":"[vc_row gap=&#8220;35&#8243;][vc_column width=&#8220;1\/2&#8243;][\/vc_column][vc_column width=&#8220;1\/2&#8243;][\/vc_column][\/vc_row][vc_row bg_type=&#8220;image&#8220; parallax_style=&#8220;vcpb-vz-jquery&#8220; bg_image_new=&#8220;id^68|url^https:\/\/bestem.com.pl\/wp-content\/uploads\/2018\/10\/header-box-main.png|caption^null|alt^null|title^header-box-main|description^null&#8220; bg_image_repeat=&#8220;no-repeat&#8220; parallax_sense=&#8220;30&#8243; bg_override=&#8220;full&#8220; disable_on_mobile_img_parallax=&#8220;disable_on_mobile_img_parallax_value&#8220; enable_overlay=&#8220;enable_overlay_value&#8220; overlay_color=&#8220;rgba(2,2,2,0.1)&#8220; overlay_pattern=&#8220;transperant&#8220; css=&#8220;.vc_custom_1540155344722{margin-top: 96px !important;padding-top: 100px !important;padding-bottom: 100px !important;}&#8220;][vc_column][\/vc_column][\/vc_row]","og_url":"https:\/\/bestem.com.pl\/innovationen\/?lang=de","og_site_name":"Bestem","article_publisher":"https:\/\/www.facebook.com\/bestemcompany\/","article_modified_time":"2018-12-11T11:06:34+00:00","twitter_card":"summary_large_image","twitter_misc":{"Gesch\u00e4tzte Lesezeit":"2\u00a0Minuten"},"schema":{"@context":"https:\/\/schema.org","@graph":[{"@type":"WebPage","@id":"https:\/\/bestem.com.pl\/innovationen\/?lang=de","url":"https:\/\/bestem.com.pl\/innovationen\/?lang=de","name":"Innovationen | Bestem","isPartOf":{"@id":"https:\/\/bestem.com.pl\/#website"},"datePublished":"2018-12-11T10:09:44+00:00","dateModified":"2018-12-11T11:06:34+00:00","breadcrumb":{"@id":"https:\/\/bestem.com.pl\/innovationen\/?lang=de#breadcrumb"},"inLanguage":"de","potentialAction":[{"@type":"ReadAction","target":["https:\/\/bestem.com.pl\/innovationen\/?lang=de"]}]},{"@type":"BreadcrumbList","@id":"https:\/\/bestem.com.pl\/innovationen\/?lang=de#breadcrumb","itemListElement":[{"@type":"ListItem","position":1,"name":"Strona g\u0142\u00f3wna","item":"https:\/\/bestem.com.pl\/?lang=de"},{"@type":"ListItem","position":2,"name":"Innovationen"}]},{"@type":"WebSite","@id":"https:\/\/bestem.com.pl\/#website","url":"https:\/\/bestem.com.pl\/","name":"Bestem","description":"Producent wype\u0142nie\u0144 papierowych typu plaster miodu","potentialAction":[{"@type":"SearchAction","target":{"@type":"EntryPoint","urlTemplate":"https:\/\/bestem.com.pl\/?s={search_term_string}"},"query-input":{"@type":"PropertyValueSpecification","valueRequired":true,"valueName":"search_term_string"}}],"inLanguage":"de"}]}},"_links":{"self":[{"href":"https:\/\/bestem.com.pl\/de\/wp-json\/wp\/v2\/pages\/2064","targetHints":{"allow":["GET"]}}],"collection":[{"href":"https:\/\/bestem.com.pl\/de\/wp-json\/wp\/v2\/pages"}],"about":[{"href":"https:\/\/bestem.com.pl\/de\/wp-json\/wp\/v2\/types\/page"}],"author":[{"embeddable":true,"href":"https:\/\/bestem.com.pl\/de\/wp-json\/wp\/v2\/users\/1"}],"replies":[{"embeddable":true,"href":"https:\/\/bestem.com.pl\/de\/wp-json\/wp\/v2\/comments?post=2064"}],"version-history":[{"count":4,"href":"https:\/\/bestem.com.pl\/de\/wp-json\/wp\/v2\/pages\/2064\/revisions"}],"predecessor-version":[{"id":2068,"href":"https:\/\/bestem.com.pl\/de\/wp-json\/wp\/v2\/pages\/2064\/revisions\/2068"}],"wp:attachment":[{"href":"https:\/\/bestem.com.pl\/de\/wp-json\/wp\/v2\/media?parent=2064"}],"curies":[{"name":"wp","href":"https:\/\/api.w.org\/{rel}","templated":true}]}}