{"id":2069,"date":"2018-12-11T11:11:02","date_gmt":"2018-12-11T10:11:02","guid":{"rendered":"https:\/\/bestem.com.pl\/subventionen\/"},"modified":"2018-12-11T12:06:43","modified_gmt":"2018-12-11T11:06:43","slug":"subventionen","status":"publish","type":"page","link":"https:\/\/bestem.com.pl\/de\/subventionen\/","title":{"rendered":"Subventionen"},"content":{"rendered":"<div class=\"wpb-content-wrapper\"><p>[vc_row][vc_column]<div id=\"ultimate-heading-785669e479b466135\" class=\"uvc-heading ult-adjust-bottom-margin ultimate-heading-785669e479b466135 uvc-4191 \" data-hspacer=\"no_spacer\"  data-halign=\"center\" style=\"text-align:center\"><div class=\"uvc-heading-spacer no_spacer\" style=\"top\"><\/div><div class=\"uvc-main-heading ult-responsive\"  data-ultimate-target='.uvc-heading.ultimate-heading-785669e479b466135 h2'  data-responsive-json-new='{\"font-size\":\"desktop:24px;\",\"line-height\":\"desktop:36px;\"}' ><h2 style=\"font-family:&#039;Poppins&#039;;font-weight:700;color:#333333;margin-bottom:12px;\">ANGABEN ZUR F\u00d6RDERUNG<\/h2><\/div><\/div>[\/vc_column][\/vc_row][vc_row gap=&#8220;20&#8243; css=&#8220;.vc_custom_1540163829567{margin-top: 64px !important;}&#8220;][vc_column width=&#8220;1\/2&#8243;]<div class=\"ult-content-box-container \" >\t\t<div class=\"ult-content-box\" style=\"background-color:#ffffff;box-shadow: px px px px none;border-style:solid;border-width:1px;border-color:#eaeaea;padding:30px;min-height:365px;-webkit-transition: all 300ms ease;-moz-transition: all 300ms ease;-ms-transition: all 300ms ease;-o-transition: all 300ms ease;transition: all 300ms ease;\"  data-hover_box_shadow=\" 0px 0px 20px 0px #e8e8e8 \"  data-hover_border_color=\"#eaeaea\"     data-bg=\"#ffffff\"  data-border_color=\"#eaeaea\" >[vc_column_text]BESTEM Sp. z o. o. ul. G\u0142\u00f3wna 57a D\u0105br\u00f3wka Wlkp., 66 \u2013 210 Zb\u0105szynek hat im Rahmen des REGIONALEN OPERATIONELLEN PROGRAMMS DER WOJEWODSCHAFT LUBUSKIE f\u00fcr die Jahre 2007 &#8211; 2013, Priorit\u00e4t II &#8222;&#8220;F\u00f6rderung des Investitionswachstums in Unternehmen und St\u00e4rkung des Innovationspotenzials&#8220;&#8220; Ma\u00dfnahme 2.4 &#8222;&#8220;Transfer von Forschung, modernen Technologien und Innovationen aus der Welt der Wissenschaft in die Unternehmen\u201c<\/p>\n<p>das Projekt : &#8222;&#8220;Entwicklung von Forschung und Entwicklung in der Firma BESTEM\u201c durchgef\u00fchrt.<br \/>\nDas Projekt umfasst die Errichtung eines Labors sowie den Kauf neuer Forschungs- und Messger\u00e4te, die f\u00fcr wissenschaftliche und Forschungsaktivit\u00e4ten erforderlich sind.[\/vc_column_text][vc_single_image image=&#8220;1390&#8243; img_size=&#8220;large&#8220;]\t\t<\/div><\/div>[\/vc_column][vc_column width=&#8220;1\/2&#8243;]<div class=\"ult-content-box-container \" >\t\t<div class=\"ult-content-box\" style=\"background-color:#ffffff;box-shadow: px px px px none;border-style:solid;border-width:1px;border-color:#eaeaea;padding:30px;min-height:365px;-webkit-transition: all 300ms ease;-moz-transition: all 300ms ease;-ms-transition: all 300ms ease;-o-transition: all 300ms ease;transition: all 300ms ease;\"  data-hover_box_shadow=\" 0px 0px 20px 0px #e8e8e8 \"  data-hover_border_color=\"#eaeaea\"     data-bg=\"#ffffff\"  data-border_color=\"#eaeaea\" >[vc_column_text]BESTEM Sp. z o. o. ul. G\u0142\u00f3wna 57a D\u0105br\u00f3wka Wlkp., 66 \u2013 210 Zb\u0105szynek hat im Rahmen des REGIONALEN OPERATIONELLEN PROGRAMMS DER WOJEWODSCHAFT LUBUSKIE f\u00fcr die Jahre 2007 &#8211; 2013, Priorit\u00e4t II &#8222;&#8220;F\u00f6rderung des Investitionswachstums in Unternehmen und St\u00e4rkung des Innovationspotenzials&#8220;&#8220; Ma\u00dfnahme 2.4 &#8222;&#8220;Transfer von Forschung, modernen Technologien und Innovationen aus der Welt der Wissenschaft in die Unternehmen\u201c<\/p>\n<p>das Projekt : &#8222;&#8220;Entwicklung von Forschung und Entwicklung in der Firma BESTEM\u201c durchgef\u00fchrt.<br \/>\nDas Projekt umfasst die Errichtung eines Labors sowie den Kauf neuer Forschungs- und Messger\u00e4te, die f\u00fcr wissenschaftliche und Forschungsaktivit\u00e4ten erforderlich sind.[\/vc_column_text][vc_single_image image=&#8220;1390&#8243; img_size=&#8220;large&#8220;]\t\t<\/div><\/div>[\/vc_column][\/vc_row][vc_row bg_type=&#8220;image&#8220; parallax_style=&#8220;vcpb-vz-jquery&#8220; bg_image_new=&#8220;id^68|url^https:\/\/bestem.com.pl\/wp-content\/uploads\/2018\/10\/header-box-main.png|caption^null|alt^null|title^header-box-main|description^null&#8220; bg_image_repeat=&#8220;no-repeat&#8220; parallax_sense=&#8220;30&#8243; bg_override=&#8220;full&#8220; disable_on_mobile_img_parallax=&#8220;disable_on_mobile_img_parallax_value&#8220; enable_overlay=&#8220;enable_overlay_value&#8220; overlay_color=&#8220;rgba(2,2,2,0.1)&#8220; overlay_pattern=&#8220;transperant&#8220; css=&#8220;.vc_custom_1540155344722{margin-top: 96px !important;padding-top: 100px !important;padding-bottom: 100px !important;}&#8220;][vc_column]<div id=\"ultimate-heading-438269e479b46624b\" class=\"uvc-heading ult-adjust-bottom-margin ultimate-heading-438269e479b46624b uvc-9254 \" data-hspacer=\"no_spacer\"  data-halign=\"center\" style=\"text-align:center\"><div class=\"uvc-heading-spacer no_spacer\" style=\"top\"><\/div><div class=\"uvc-main-heading ult-responsive\"  data-ultimate-target='.uvc-heading.ultimate-heading-438269e479b46624b h2'  data-responsive-json-new='{\"font-size\":\"desktop:42px;\",\"line-height\":\"desktop:56px;\"}' ><h2 style=\"font-family:&#039;Poppins&#039;;font-weight:700;color:#ffffff;margin-bottom:24px;\">WIR SCHAFFEN F\u00dcR SIE IM EINKLANG MIT DER NATUR<\/h2><\/div><div class=\"uvc-sub-heading ult-responsive\"  data-ultimate-target='.uvc-heading.ultimate-heading-438269e479b46624b .uvc-sub-heading '  data-responsive-json-new='{\"font-size\":\"desktop:15px;\",\"line-height\":\"desktop:27px;\"}'  style=\"font-family:&#039;Poppins&#039;;font-weight:500;color:#ffffff;\">Wir sind ein sozial verantwortliches Unternehmen. Wir sind lokal eingebunden und f\u00f6rdern pro-\u00f6kologische Verhaltensweisen und Einstellungen. Wir schaffen f\u00fcr Sie im Einklang mit der Natur.<\/div><\/div>[\/vc_column][\/vc_row]<\/p>\n<\/div>","protected":false},"excerpt":{"rendered":"<p>[vc_row][vc_column][\/vc_column][\/vc_row][vc_row gap=&#8220;20&#8243; css=&#8220;.vc_custom_1540163829567{margin-top: 64px !important;}&#8220;][vc_column width=&#8220;1\/2&#8243;][\/vc_column][vc_column width=&#8220;1\/2&#8243;][\/vc_column][\/vc_row][vc_row bg_type=&#8220;image&#8220; parallax_style=&#8220;vcpb-vz-jquery&#8220; bg_image_new=&#8220;id^68|url^https:\/\/bestem.com.pl\/wp-content\/uploads\/2018\/10\/header-box-main.png|caption^null|alt^null|title^header-box-main|description^null&#8220; bg_image_repeat=&#8220;no-repeat&#8220; parallax_sense=&#8220;30&#8243; bg_override=&#8220;full&#8220; disable_on_mobile_img_parallax=&#8220;disable_on_mobile_img_parallax_value&#8220; enable_overlay=&#8220;enable_overlay_value&#8220; overlay_color=&#8220;rgba(2,2,2,0.1)&#8220; overlay_pattern=&#8220;transperant&#8220; css=&#8220;.vc_custom_1540155344722{margin-top: 96px !important;padding-top: 100px !important;padding-bottom: 100px !important;}&#8220;][vc_column][\/vc_column][\/vc_row]<\/p>\n","protected":false},"author":1,"featured_media":0,"parent":0,"menu_order":0,"comment_status":"closed","ping_status":"closed","template":"","meta":{"footnotes":""},"class_list":["post-2069","page","type-page","status-publish","hentry","description-off"],"yoast_head":"<!-- This site is optimized with the Yoast SEO plugin v26.6 - https:\/\/yoast.com\/wordpress\/plugins\/seo\/ -->\n<title>Subventionen | Bestem<\/title>\n<meta name=\"robots\" content=\"index, follow, max-snippet:-1, max-image-preview:large, max-video-preview:-1\" \/>\n<link rel=\"canonical\" href=\"https:\/\/bestem.com.pl\/subventionen\/?lang=de\" \/>\n<meta property=\"og:locale\" content=\"de_DE\" \/>\n<meta property=\"og:type\" content=\"article\" \/>\n<meta property=\"og:title\" content=\"Subventionen | Bestem\" \/>\n<meta property=\"og:description\" content=\"[vc_row][vc_column][\/vc_column][\/vc_row][vc_row gap=&#8220;20&#8243; css=&#8220;.vc_custom_1540163829567{margin-top: 64px !important;}&#8220;][vc_column width=&#8220;1\/2&#8243;][\/vc_column][vc_column width=&#8220;1\/2&#8243;][\/vc_column][\/vc_row][vc_row bg_type=&#8220;image&#8220; parallax_style=&#8220;vcpb-vz-jquery&#8220; bg_image_new=&#8220;id^68|url^https:\/\/bestem.com.pl\/wp-content\/uploads\/2018\/10\/header-box-main.png|caption^null|alt^null|title^header-box-main|description^null&#8220; bg_image_repeat=&#8220;no-repeat&#8220; parallax_sense=&#8220;30&#8243; bg_override=&#8220;full&#8220; disable_on_mobile_img_parallax=&#8220;disable_on_mobile_img_parallax_value&#8220; enable_overlay=&#8220;enable_overlay_value&#8220; overlay_color=&#8220;rgba(2,2,2,0.1)&#8220; overlay_pattern=&#8220;transperant&#8220; css=&#8220;.vc_custom_1540155344722{margin-top: 96px !important;padding-top: 100px !important;padding-bottom: 100px !important;}&#8220;][vc_column][\/vc_column][\/vc_row]\" \/>\n<meta property=\"og:url\" content=\"https:\/\/bestem.com.pl\/subventionen\/?lang=de\" \/>\n<meta property=\"og:site_name\" content=\"Bestem\" \/>\n<meta property=\"article:publisher\" content=\"https:\/\/www.facebook.com\/bestemcompany\/\" \/>\n<meta property=\"article:modified_time\" content=\"2018-12-11T11:06:43+00:00\" \/>\n<meta name=\"twitter:card\" content=\"summary_large_image\" \/>\n<meta name=\"twitter:label1\" content=\"Gesch\u00e4tzte Lesezeit\" \/>\n\t<meta name=\"twitter:data1\" content=\"3\u00a0Minuten\" \/>\n<script type=\"application\/ld+json\" class=\"yoast-schema-graph\">{\"@context\":\"https:\/\/schema.org\",\"@graph\":[{\"@type\":\"WebPage\",\"@id\":\"https:\/\/bestem.com.pl\/subventionen\/?lang=de\",\"url\":\"https:\/\/bestem.com.pl\/subventionen\/?lang=de\",\"name\":\"Subventionen | Bestem\",\"isPartOf\":{\"@id\":\"https:\/\/bestem.com.pl\/#website\"},\"datePublished\":\"2018-12-11T10:11:02+00:00\",\"dateModified\":\"2018-12-11T11:06:43+00:00\",\"breadcrumb\":{\"@id\":\"https:\/\/bestem.com.pl\/subventionen\/?lang=de#breadcrumb\"},\"inLanguage\":\"de\",\"potentialAction\":[{\"@type\":\"ReadAction\",\"target\":[\"https:\/\/bestem.com.pl\/subventionen\/?lang=de\"]}]},{\"@type\":\"BreadcrumbList\",\"@id\":\"https:\/\/bestem.com.pl\/subventionen\/?lang=de#breadcrumb\",\"itemListElement\":[{\"@type\":\"ListItem\",\"position\":1,\"name\":\"Strona g\u0142\u00f3wna\",\"item\":\"https:\/\/bestem.com.pl\/?lang=de\"},{\"@type\":\"ListItem\",\"position\":2,\"name\":\"Subventionen\"}]},{\"@type\":\"WebSite\",\"@id\":\"https:\/\/bestem.com.pl\/#website\",\"url\":\"https:\/\/bestem.com.pl\/\",\"name\":\"Bestem\",\"description\":\"Producent wype\u0142nie\u0144 papierowych typu plaster miodu\",\"potentialAction\":[{\"@type\":\"SearchAction\",\"target\":{\"@type\":\"EntryPoint\",\"urlTemplate\":\"https:\/\/bestem.com.pl\/?s={search_term_string}\"},\"query-input\":{\"@type\":\"PropertyValueSpecification\",\"valueRequired\":true,\"valueName\":\"search_term_string\"}}],\"inLanguage\":\"de\"}]}<\/script>\n<!-- \/ Yoast SEO plugin. -->","yoast_head_json":{"title":"Subventionen | Bestem","robots":{"index":"index","follow":"follow","max-snippet":"max-snippet:-1","max-image-preview":"max-image-preview:large","max-video-preview":"max-video-preview:-1"},"canonical":"https:\/\/bestem.com.pl\/subventionen\/?lang=de","og_locale":"de_DE","og_type":"article","og_title":"Subventionen | Bestem","og_description":"[vc_row][vc_column][\/vc_column][\/vc_row][vc_row gap=&#8220;20&#8243; css=&#8220;.vc_custom_1540163829567{margin-top: 64px !important;}&#8220;][vc_column width=&#8220;1\/2&#8243;][\/vc_column][vc_column width=&#8220;1\/2&#8243;][\/vc_column][\/vc_row][vc_row bg_type=&#8220;image&#8220; parallax_style=&#8220;vcpb-vz-jquery&#8220; bg_image_new=&#8220;id^68|url^https:\/\/bestem.com.pl\/wp-content\/uploads\/2018\/10\/header-box-main.png|caption^null|alt^null|title^header-box-main|description^null&#8220; bg_image_repeat=&#8220;no-repeat&#8220; parallax_sense=&#8220;30&#8243; bg_override=&#8220;full&#8220; disable_on_mobile_img_parallax=&#8220;disable_on_mobile_img_parallax_value&#8220; enable_overlay=&#8220;enable_overlay_value&#8220; overlay_color=&#8220;rgba(2,2,2,0.1)&#8220; overlay_pattern=&#8220;transperant&#8220; css=&#8220;.vc_custom_1540155344722{margin-top: 96px !important;padding-top: 100px !important;padding-bottom: 100px !important;}&#8220;][vc_column][\/vc_column][\/vc_row]","og_url":"https:\/\/bestem.com.pl\/subventionen\/?lang=de","og_site_name":"Bestem","article_publisher":"https:\/\/www.facebook.com\/bestemcompany\/","article_modified_time":"2018-12-11T11:06:43+00:00","twitter_card":"summary_large_image","twitter_misc":{"Gesch\u00e4tzte Lesezeit":"3\u00a0Minuten"},"schema":{"@context":"https:\/\/schema.org","@graph":[{"@type":"WebPage","@id":"https:\/\/bestem.com.pl\/subventionen\/?lang=de","url":"https:\/\/bestem.com.pl\/subventionen\/?lang=de","name":"Subventionen | Bestem","isPartOf":{"@id":"https:\/\/bestem.com.pl\/#website"},"datePublished":"2018-12-11T10:11:02+00:00","dateModified":"2018-12-11T11:06:43+00:00","breadcrumb":{"@id":"https:\/\/bestem.com.pl\/subventionen\/?lang=de#breadcrumb"},"inLanguage":"de","potentialAction":[{"@type":"ReadAction","target":["https:\/\/bestem.com.pl\/subventionen\/?lang=de"]}]},{"@type":"BreadcrumbList","@id":"https:\/\/bestem.com.pl\/subventionen\/?lang=de#breadcrumb","itemListElement":[{"@type":"ListItem","position":1,"name":"Strona g\u0142\u00f3wna","item":"https:\/\/bestem.com.pl\/?lang=de"},{"@type":"ListItem","position":2,"name":"Subventionen"}]},{"@type":"WebSite","@id":"https:\/\/bestem.com.pl\/#website","url":"https:\/\/bestem.com.pl\/","name":"Bestem","description":"Producent wype\u0142nie\u0144 papierowych typu plaster miodu","potentialAction":[{"@type":"SearchAction","target":{"@type":"EntryPoint","urlTemplate":"https:\/\/bestem.com.pl\/?s={search_term_string}"},"query-input":{"@type":"PropertyValueSpecification","valueRequired":true,"valueName":"search_term_string"}}],"inLanguage":"de"}]}},"_links":{"self":[{"href":"https:\/\/bestem.com.pl\/de\/wp-json\/wp\/v2\/pages\/2069","targetHints":{"allow":["GET"]}}],"collection":[{"href":"https:\/\/bestem.com.pl\/de\/wp-json\/wp\/v2\/pages"}],"about":[{"href":"https:\/\/bestem.com.pl\/de\/wp-json\/wp\/v2\/types\/page"}],"author":[{"embeddable":true,"href":"https:\/\/bestem.com.pl\/de\/wp-json\/wp\/v2\/users\/1"}],"replies":[{"embeddable":true,"href":"https:\/\/bestem.com.pl\/de\/wp-json\/wp\/v2\/comments?post=2069"}],"version-history":[{"count":4,"href":"https:\/\/bestem.com.pl\/de\/wp-json\/wp\/v2\/pages\/2069\/revisions"}],"predecessor-version":[{"id":2073,"href":"https:\/\/bestem.com.pl\/de\/wp-json\/wp\/v2\/pages\/2069\/revisions\/2073"}],"wp:attachment":[{"href":"https:\/\/bestem.com.pl\/de\/wp-json\/wp\/v2\/media?parent=2069"}],"curies":[{"name":"wp","href":"https:\/\/api.w.org\/{rel}","templated":true}]}}