{"id":3143,"date":"2020-05-07T14:07:50","date_gmt":"2020-05-07T12:07:50","guid":{"rendered":"https:\/\/bestem.com.pl\/?page_id=3143"},"modified":"2020-05-07T14:12:35","modified_gmt":"2020-05-07T12:12:35","slug":"zertifizierungen","status":"publish","type":"page","link":"https:\/\/bestem.com.pl\/de\/zertifizierungen\/","title":{"rendered":"Zertifizierungen"},"content":{"rendered":"<div class=\"wpb-content-wrapper\"><p>[vc_row gap=&#8220;10&#8243; css=&#8220;.vc_custom_1588852912028{margin-top: 64px !important;}&#8220;][vc_column]<div class=\" ubtn-ctn-left \"><a class=\"ubtn-link ult-adjust-bottom-margin ubtn-left ubtn-normal \" href=\"https:\/\/bestem.com.pl\/wp-content\/uploads\/2020\/05\/Certyfikat-FSC.pdf\" target=\"_blank\" rel=\"noopener\" ><button type=\"button\" id=\"ubtn-2573\"  class=\"ubtn ult-adjust-bottom-margin ult-responsive ubtn-normal ubtn-no-hover-bg  none  ubtn-left   tooltip-69d6bdb5290a0\"  data-hover=\"\" data-border-color=\"\" data-bg=\"#e0e0e0\" data-hover-bg=\"\" data-border-hover=\"\" data-shadow-hover=\"\" data-shadow-click=\"none\" data-shadow=\"\" data-shd-shadow=\"\"  data-ultimate-target='#ubtn-2573'  data-responsive-json-new='{\"font-size\":\"\",\"line-height\":\"\"}'  style=\"font-weight:normal;border:none;background: #e0e0e0;color: #000000;\"><span class=\"ubtn-hover\" style=\"background-color:\"><\/span><span class=\"ubtn-data ubtn-text \" >FSC-Zertifikat<\/span><\/button><\/a><\/div>[\/vc_column][\/vc_row][vc_row bg_type=&#8220;image&#8220; parallax_style=&#8220;vcpb-vz-jquery&#8220; bg_image_new=&#8220;id^68|url^https:\/\/bestem.com.pl\/wp-content\/uploads\/2018\/10\/header-box-main.png|caption^null|alt^null|title^header-box-main|description^null&#8220; bg_image_repeat=&#8220;no-repeat&#8220; parallax_sense=&#8220;30&#8243; bg_override=&#8220;full&#8220; disable_on_mobile_img_parallax=&#8220;disable_on_mobile_img_parallax_value&#8220; enable_overlay=&#8220;enable_overlay_value&#8220; overlay_color=&#8220;rgba(2,2,2,0.1)&#8220; overlay_pattern=&#8220;transperant&#8220; css=&#8220;.vc_custom_1540155344722{margin-top: 96px !important;padding-top: 100px !important;padding-bottom: 100px !important;}&#8220;][vc_column]<div id=\"ultimate-heading-363769d6bdb52911c\" class=\"uvc-heading ult-adjust-bottom-margin ultimate-heading-363769d6bdb52911c uvc-4553 \" data-hspacer=\"no_spacer\"  data-halign=\"center\" style=\"text-align:center\"><div class=\"uvc-heading-spacer no_spacer\" style=\"top\"><\/div><div class=\"uvc-main-heading ult-responsive\"  data-ultimate-target='.uvc-heading.ultimate-heading-363769d6bdb52911c h2'  data-responsive-json-new='{\"font-size\":\"desktop:42px;\",\"line-height\":\"desktop:56px;\"}' ><h2 style=\"font-family:&#039;Poppins&#039;;font-weight:700;color:#ffffff;margin-bottom:24px;\">IM EINKLANG MIT DER NATUR<\/h2><\/div><div class=\"uvc-sub-heading ult-responsive\"  data-ultimate-target='.uvc-heading.ultimate-heading-363769d6bdb52911c .uvc-sub-heading '  data-responsive-json-new='{\"font-size\":\"desktop:15px;\",\"line-height\":\"desktop:27px;\"}'  style=\"font-family:&#039;Poppins&#039;;font-weight:500;color:#ffffff;\">Wir sind ein sozial verantwortliches Unternehmen. Wir sind lokal eingebunden und f\u00f6rdern pro-\u00f6kologische Verhaltensweisen und Einstellungen. Wir schaffen f\u00fcr Sie im Einklang mit der Natur.<\/div><\/div>[\/vc_column][\/vc_row]<\/p>\n<\/div>","protected":false},"excerpt":{"rendered":"<p>[vc_row gap=&#8220;10&#8243; css=&#8220;.vc_custom_1588852912028{margin-top: 64px !important;}&#8220;][vc_column][\/vc_column][\/vc_row][vc_row bg_type=&#8220;image&#8220; parallax_style=&#8220;vcpb-vz-jquery&#8220; bg_image_new=&#8220;id^68|url^https:\/\/bestem.com.pl\/wp-content\/uploads\/2018\/10\/header-box-main.png|caption^null|alt^null|title^header-box-main|description^null&#8220; bg_image_repeat=&#8220;no-repeat&#8220; parallax_sense=&#8220;30&#8243; bg_override=&#8220;full&#8220; disable_on_mobile_img_parallax=&#8220;disable_on_mobile_img_parallax_value&#8220; enable_overlay=&#8220;enable_overlay_value&#8220; overlay_color=&#8220;rgba(2,2,2,0.1)&#8220; overlay_pattern=&#8220;transperant&#8220; css=&#8220;.vc_custom_1540155344722{margin-top: 96px !important;padding-top: 100px !important;padding-bottom: 100px !important;}&#8220;][vc_column][\/vc_column][\/vc_row]<\/p>\n","protected":false},"author":2,"featured_media":0,"parent":0,"menu_order":0,"comment_status":"closed","ping_status":"closed","template":"","meta":{"footnotes":""},"class_list":["post-3143","page","type-page","status-publish","hentry","description-off"],"yoast_head":"<!-- This site is optimized with the Yoast SEO plugin v26.6 - https:\/\/yoast.com\/wordpress\/plugins\/seo\/ -->\n<title>Zertifizierungen | Bestem<\/title>\n<meta name=\"robots\" content=\"index, follow, max-snippet:-1, max-image-preview:large, max-video-preview:-1\" \/>\n<link rel=\"canonical\" href=\"https:\/\/bestem.com.pl\/zertifizierungen\/?lang=de\" \/>\n<meta property=\"og:locale\" content=\"de_DE\" \/>\n<meta property=\"og:type\" content=\"article\" \/>\n<meta property=\"og:title\" content=\"Zertifizierungen | Bestem\" \/>\n<meta property=\"og:description\" content=\"[vc_row gap=&#8220;10&#8243; css=&#8220;.vc_custom_1588852912028{margin-top: 64px !important;}&#8220;][vc_column][\/vc_column][\/vc_row][vc_row bg_type=&#8220;image&#8220; parallax_style=&#8220;vcpb-vz-jquery&#8220; bg_image_new=&#8220;id^68|url^https:\/\/bestem.com.pl\/wp-content\/uploads\/2018\/10\/header-box-main.png|caption^null|alt^null|title^header-box-main|description^null&#8220; bg_image_repeat=&#8220;no-repeat&#8220; parallax_sense=&#8220;30&#8243; bg_override=&#8220;full&#8220; disable_on_mobile_img_parallax=&#8220;disable_on_mobile_img_parallax_value&#8220; enable_overlay=&#8220;enable_overlay_value&#8220; overlay_color=&#8220;rgba(2,2,2,0.1)&#8220; overlay_pattern=&#8220;transperant&#8220; css=&#8220;.vc_custom_1540155344722{margin-top: 96px !important;padding-top: 100px !important;padding-bottom: 100px !important;}&#8220;][vc_column][\/vc_column][\/vc_row]\" \/>\n<meta property=\"og:url\" content=\"https:\/\/bestem.com.pl\/zertifizierungen\/?lang=de\" \/>\n<meta property=\"og:site_name\" content=\"Bestem\" \/>\n<meta property=\"article:publisher\" content=\"https:\/\/www.facebook.com\/bestemcompany\/\" \/>\n<meta property=\"article:modified_time\" content=\"2020-05-07T12:12:35+00:00\" \/>\n<meta name=\"twitter:card\" content=\"summary_large_image\" \/>\n<meta name=\"twitter:label1\" content=\"Gesch\u00e4tzte Lesezeit\" \/>\n\t<meta name=\"twitter:data1\" content=\"1\u00a0Minute\" \/>\n<script type=\"application\/ld+json\" class=\"yoast-schema-graph\">{\"@context\":\"https:\/\/schema.org\",\"@graph\":[{\"@type\":\"WebPage\",\"@id\":\"https:\/\/bestem.com.pl\/zertifizierungen\/?lang=de\",\"url\":\"https:\/\/bestem.com.pl\/zertifizierungen\/?lang=de\",\"name\":\"Zertifizierungen | Bestem\",\"isPartOf\":{\"@id\":\"https:\/\/bestem.com.pl\/#website\"},\"datePublished\":\"2020-05-07T12:07:50+00:00\",\"dateModified\":\"2020-05-07T12:12:35+00:00\",\"breadcrumb\":{\"@id\":\"https:\/\/bestem.com.pl\/zertifizierungen\/?lang=de#breadcrumb\"},\"inLanguage\":\"de\",\"potentialAction\":[{\"@type\":\"ReadAction\",\"target\":[\"https:\/\/bestem.com.pl\/zertifizierungen\/?lang=de\"]}]},{\"@type\":\"BreadcrumbList\",\"@id\":\"https:\/\/bestem.com.pl\/zertifizierungen\/?lang=de#breadcrumb\",\"itemListElement\":[{\"@type\":\"ListItem\",\"position\":1,\"name\":\"Strona g\u0142\u00f3wna\",\"item\":\"https:\/\/bestem.com.pl\/?lang=de\"},{\"@type\":\"ListItem\",\"position\":2,\"name\":\"Zertifizierungen\"}]},{\"@type\":\"WebSite\",\"@id\":\"https:\/\/bestem.com.pl\/#website\",\"url\":\"https:\/\/bestem.com.pl\/\",\"name\":\"Bestem\",\"description\":\"Producent wype\u0142nie\u0144 papierowych typu plaster miodu\",\"potentialAction\":[{\"@type\":\"SearchAction\",\"target\":{\"@type\":\"EntryPoint\",\"urlTemplate\":\"https:\/\/bestem.com.pl\/?s={search_term_string}\"},\"query-input\":{\"@type\":\"PropertyValueSpecification\",\"valueRequired\":true,\"valueName\":\"search_term_string\"}}],\"inLanguage\":\"de\"}]}<\/script>\n<!-- \/ Yoast SEO plugin. -->","yoast_head_json":{"title":"Zertifizierungen | Bestem","robots":{"index":"index","follow":"follow","max-snippet":"max-snippet:-1","max-image-preview":"max-image-preview:large","max-video-preview":"max-video-preview:-1"},"canonical":"https:\/\/bestem.com.pl\/zertifizierungen\/?lang=de","og_locale":"de_DE","og_type":"article","og_title":"Zertifizierungen | Bestem","og_description":"[vc_row gap=&#8220;10&#8243; css=&#8220;.vc_custom_1588852912028{margin-top: 64px !important;}&#8220;][vc_column][\/vc_column][\/vc_row][vc_row bg_type=&#8220;image&#8220; parallax_style=&#8220;vcpb-vz-jquery&#8220; bg_image_new=&#8220;id^68|url^https:\/\/bestem.com.pl\/wp-content\/uploads\/2018\/10\/header-box-main.png|caption^null|alt^null|title^header-box-main|description^null&#8220; bg_image_repeat=&#8220;no-repeat&#8220; parallax_sense=&#8220;30&#8243; bg_override=&#8220;full&#8220; disable_on_mobile_img_parallax=&#8220;disable_on_mobile_img_parallax_value&#8220; enable_overlay=&#8220;enable_overlay_value&#8220; overlay_color=&#8220;rgba(2,2,2,0.1)&#8220; overlay_pattern=&#8220;transperant&#8220; css=&#8220;.vc_custom_1540155344722{margin-top: 96px !important;padding-top: 100px !important;padding-bottom: 100px !important;}&#8220;][vc_column][\/vc_column][\/vc_row]","og_url":"https:\/\/bestem.com.pl\/zertifizierungen\/?lang=de","og_site_name":"Bestem","article_publisher":"https:\/\/www.facebook.com\/bestemcompany\/","article_modified_time":"2020-05-07T12:12:35+00:00","twitter_card":"summary_large_image","twitter_misc":{"Gesch\u00e4tzte Lesezeit":"1\u00a0Minute"},"schema":{"@context":"https:\/\/schema.org","@graph":[{"@type":"WebPage","@id":"https:\/\/bestem.com.pl\/zertifizierungen\/?lang=de","url":"https:\/\/bestem.com.pl\/zertifizierungen\/?lang=de","name":"Zertifizierungen | Bestem","isPartOf":{"@id":"https:\/\/bestem.com.pl\/#website"},"datePublished":"2020-05-07T12:07:50+00:00","dateModified":"2020-05-07T12:12:35+00:00","breadcrumb":{"@id":"https:\/\/bestem.com.pl\/zertifizierungen\/?lang=de#breadcrumb"},"inLanguage":"de","potentialAction":[{"@type":"ReadAction","target":["https:\/\/bestem.com.pl\/zertifizierungen\/?lang=de"]}]},{"@type":"BreadcrumbList","@id":"https:\/\/bestem.com.pl\/zertifizierungen\/?lang=de#breadcrumb","itemListElement":[{"@type":"ListItem","position":1,"name":"Strona g\u0142\u00f3wna","item":"https:\/\/bestem.com.pl\/?lang=de"},{"@type":"ListItem","position":2,"name":"Zertifizierungen"}]},{"@type":"WebSite","@id":"https:\/\/bestem.com.pl\/#website","url":"https:\/\/bestem.com.pl\/","name":"Bestem","description":"Producent wype\u0142nie\u0144 papierowych typu plaster miodu","potentialAction":[{"@type":"SearchAction","target":{"@type":"EntryPoint","urlTemplate":"https:\/\/bestem.com.pl\/?s={search_term_string}"},"query-input":{"@type":"PropertyValueSpecification","valueRequired":true,"valueName":"search_term_string"}}],"inLanguage":"de"}]}},"_links":{"self":[{"href":"https:\/\/bestem.com.pl\/de\/wp-json\/wp\/v2\/pages\/3143","targetHints":{"allow":["GET"]}}],"collection":[{"href":"https:\/\/bestem.com.pl\/de\/wp-json\/wp\/v2\/pages"}],"about":[{"href":"https:\/\/bestem.com.pl\/de\/wp-json\/wp\/v2\/types\/page"}],"author":[{"embeddable":true,"href":"https:\/\/bestem.com.pl\/de\/wp-json\/wp\/v2\/users\/2"}],"replies":[{"embeddable":true,"href":"https:\/\/bestem.com.pl\/de\/wp-json\/wp\/v2\/comments?post=3143"}],"version-history":[{"count":4,"href":"https:\/\/bestem.com.pl\/de\/wp-json\/wp\/v2\/pages\/3143\/revisions"}],"predecessor-version":[{"id":3149,"href":"https:\/\/bestem.com.pl\/de\/wp-json\/wp\/v2\/pages\/3143\/revisions\/3149"}],"wp:attachment":[{"href":"https:\/\/bestem.com.pl\/de\/wp-json\/wp\/v2\/media?parent=3143"}],"curies":[{"name":"wp","href":"https:\/\/api.w.org\/{rel}","templated":true}]}}