{"id":4523,"date":"2024-03-12T18:18:49","date_gmt":"2024-03-12T17:18:49","guid":{"rendered":"https:\/\/bestem.com.pl\/datenschutzrichtlinie\/"},"modified":"2024-03-12T18:18:49","modified_gmt":"2024-03-12T17:18:49","slug":"datenschutzrichtlinie","status":"publish","type":"page","link":"https:\/\/bestem.com.pl\/de\/datenschutzrichtlinie\/","title":{"rendered":"Datenschutzrichtlinie"},"content":{"rendered":"<p><strong>Cookie-Richtlinie auf der Website <\/strong><a href=\"https:\/\/bestem.com.pl\/de\/\"><strong>www.bestem.com.pl<\/strong><\/a><\/p>\n<p>&nbsp;<\/p>\n<p><strong>Cookies<\/strong><\/p>\n<p>Cookies (\u201eCookies\u201c) sind kleine Dateien, die auf Ihrem Computer oder einem anderen Ger\u00e4t gespeichert werden, wenn Sie Websites im Internet besuchen.<\/p>\n<p>&nbsp;<\/p>\n<p><strong>Zweck, f\u00fcr den Cookies verwendet werden<\/strong><\/p>\n<p>Cookies werden verwendet, um den Inhalt von Websites an Benutzerpr\u00e4ferenzen anzupassen und die Nutzung von Websites zu optimieren. Sie werden auch verwendet, um anonyme Statistiken zu erstellen, die helfen, zu verstehen, wie der Benutzer Websites nutzt, was eine Verbesserung ihrer Struktur und ihres Inhalts erm\u00f6glicht und eine pers\u00f6nliche Identifizierung des Benutzers ausschlie\u00dft.<\/p>\n<p>Wof\u00fcr verwenden wir Cookies?<\/p>\n<p>Bestem sp. z o. o. verwendet Cookies, um:<\/p>\n<ul>\n<li>die Inhalte unserer Websites an die Bed\u00fcrfnisse der Nutzer anpassen;<\/li>\n<li>die Nutzung von Websites und Anwendungen optimieren;<\/li>\n<li>die Sitzung des Benutzers beibehalten (nach der Anmeldung), sodass der Benutzer nicht auf jeder Unterseite einer bestimmten Website und Anwendung den Benutzernamen und das Passwort erneut eingeben muss;<\/li>\n<li>Erfassung von Website-Nutzungsdaten, die uns helfen zu verstehen, wie Besucher die Website nutzen, wodurch wir deren Struktur, Navigation und Inhalt verbessern k\u00f6nnen;<\/li>\n<li>Informationen so anzeigen, dass mehrere Pr\u00e4sentationen desselben Inhalts f\u00fcr denselben Benutzer vermieden werden und Inhalte auf eine Weise pr\u00e4sentiert werden, die die Interessen des Benutzers ber\u00fccksichtigt;<\/li>\n<li>Erreichen Sie den Benutzer mit Werbeinhalten, die \u00fcber Partnersysteme au\u00dferhalb der Websites und Anwendungen von Bestem sp. z o. o. ausgestrahlt werden.<\/li>\n<li>Unterst\u00fctzen Sie die Benutzer und gew\u00e4hrleisten Sie ihre Sicherheit beim Surfen auf Websites durch den Einsatz von Mechanismen zur Verhinderung von Missbrauch auf Websites und der M\u00f6glichkeit einer schnellen Kontaktaufnahme \u00fcber die Live-Chat-Funktion.<\/li>\n<\/ul>\n<p>Welche Cookies verwendet Bestem sp. z o. o.?<\/p>\n<p>Wir verwenden zwei Arten von Dateien:<\/p>\n<ul>\n<li>Sitzung \u2013 Cookies, die es Ihnen erm\u00f6glichen, sich an Ihre Entscheidungen zu erinnern, werden unter anderem verwendet, beim Einloggen. Sie verbleiben auf dem Endger\u00e4t, bis Sie sich abmelden, die Website und Anwendung verlassen oder die Software (Webbrowser) ausschalten;<\/li>\n<li>permanent \u2013 \u200b\u200bwird auf dem Endger\u00e4t f\u00fcr die in den Cookie-Parametern angegebene Zeit oder bis zu ihrer L\u00f6schung gespeichert.<\/li>\n<\/ul>\n<p>Aufgrund des Zwecks von Cookies und anderen \u00e4hnlichen Technologien verwenden wir die folgenden Arten:<\/p>\n<ul>\n<li>notwendig f\u00fcr den Betrieb des Dienstes und der Anwendung \u2013 Erm\u00f6glichung der Nutzung unserer Dienste, z. B. Authentifizierungscookies, die f\u00fcr Dienste verwendet werden, die eine Authentifizierung erfordern;<\/li>\n<li>Dateien, die zur Gew\u00e4hrleistung der Sicherheit verwendet werden, z. B. zur Erkennung von Authentifizierungsmissbrauch;<\/li>\n<li>Leistung \u2013 Erm\u00f6glicht die Erfassung von Informationen dar\u00fcber, wie Websites und Anwendungen genutzt werden;<\/li>\n<li>funktional \u2013 erm\u00f6glicht das \u201eSpeichern\u201c der vom Benutzer ausgew\u00e4hlten Einstellungen und die Personalisierung der Benutzeroberfl\u00e4che, z. B. in Bezug auf die ausgew\u00e4hlte Sprache oder Region, aus der sie stammt, Schriftgr\u00f6\u00dfe, Erscheinungsbild der Website und Anwendung usw.;<\/li >\n<li>Werbung \u2013 Erm\u00f6glicht die Bereitstellung von Werbeinhalten, die besser auf Ihre Interessen zugeschnitten sind;<\/li>\n<li>statistisch \u2013 wird zum Z\u00e4hlen von Statistiken \u00fcber Websites und Anwendungen verwendet.<\/li>\n<\/ul>\n<p>&nbsp;<\/p>\n<p><strong>So \u00e4ndern Sie die Browsereinstellungen f\u00fcr Cookies<\/strong><\/p>\n<p>In der Regel erm\u00f6glicht die zum Durchsuchen von Websites verwendete Software (Webbrowser) standardm\u00e4\u00dfig die Speicherung von Informationen in Form von Cookies und anderen \u00e4hnlichen Technologien auf dem Endger\u00e4t, d. h. dem Ger\u00e4t, das Sie tats\u00e4chlich verwenden. Daher stimmen Sie durch die Softwareeinstellungen der Verwendung von Cookies im oben genannten Umfang und Zweck zu. Sie k\u00f6nnen Ihre Einwilligung jederzeit durch \u00c4nderung der Einstellungen widerrufen. Bei Nichtvornahme von \u00c4nderungen kann es zu einer Ver\u00f6ffentlichung und Speicherung der oben genannten Informationen auf dem Endger\u00e4t kommen.<\/p>\n<p>Auf der Ebene des vom Benutzer verwendeten Webbrowsers ist es m\u00f6glich, Cookies unabh\u00e4ngig zu verwalten, d. h. Aktivit\u00e4ten wie:<\/p>\n<ul>\n<li>Akzeptieren von Cookies, damit Sie die von Websites angebotenen Optionen in vollem Umfang nutzen k\u00f6nnen;<\/li>\n<li>Cookie-Verwaltung auf der Ebene einzelner, ausgew\u00e4hlter Websites;<\/li>\n<li>Einstellungen f\u00fcr verschiedene Arten von Cookies festlegen, zum Beispiel das Akzeptieren permanenter oder Sitzungsdateien usw.;<\/li>\n<li>Cookies blockieren oder l\u00f6schen.<\/li>\n<\/ul>\n<p>Um Einzelheiten zur Verwaltung von Cookies in Ihrer Software zu erfahren, w\u00e4hlen Sie den entsprechenden Link aus:<\/p>\n<p><a href=\"https:\/\/support.microsoft.com\/pl-pl\/help\/17442\/windows-internet-explorer-delete-manage-cookies\">Internet Explorer<\/a><\/p>\n<p><a href=\"http:\/\/support.google.com\/chrome\/bin\/answer.py?hl=pl&amp;answer=95647\">Chrome<\/a><\/p>\n<p><a href=\"http:\/\/support.apple.com\/kb\/PH5042\">Safari<\/a><\/p>\n<p><a href=\"http:\/\/support.mozilla.org\/pl\/kb\/W%C5%82%C4%85czanie%20i%20wy%C5%82%C4%85czanie%20obs%C5%82ugi%20ciasteczek\"> Firefox<\/a><\/p>\n<p><a href=\"http:\/\/help.opera.com\/Windows\/12.10\/pl\/cookies.html\">Opera<\/a><\/p>\n<p>&nbsp;<\/p>\n<p>Mobile Ger\u00e4te:<\/p>\n<p><a href=\"http:\/\/support.google.com\/chrome\/bin\/answer.py?hl=pl&amp;answer=95647\">Android<\/a><\/p>\n<p><a href=\"http:\/\/support.apple.com\/kb\/HT1677?viewlocale=pl_PL&amp;locale=pl_PL\">Safari<\/a><\/p>\n<p><a href=\"http:\/\/help.blackberry.com\/pl\/blackberry-classic\/10.3.1\/help\/mwa1334238823957.html\">Blackberry<\/a><\/p>\n<p>Wir m\u00f6chten Sie dar\u00fcber informieren, dass die Einschr\u00e4nkung oder Deaktivierung der Verwendung von Cookies und anderen \u00e4hnlichen Technologien dazu f\u00fchren kann, dass Sie einige der auf unseren Websites verf\u00fcgbaren Funktionen nicht nutzen k\u00f6nnen.<\/p>\n","protected":false},"excerpt":{"rendered":"<p>Cookie-Richtlinie auf der Website www.bestem.com.pl &nbsp; Cookies Cookies (\u201eCookies\u201c) sind kleine Dateien, die auf Ihrem Computer oder einem anderen Ger\u00e4t gespeichert werden, wenn Sie Websites im Internet besuchen. &nbsp; Zweck, f\u00fcr den Cookies verwendet werden Cookies werden verwendet, um den Inhalt von Websites an Benutzerpr\u00e4ferenzen anzupassen und die Nutzung von Websites zu optimieren. Sie werden&hellip;<\/p>\n","protected":false},"author":1,"featured_media":0,"parent":0,"menu_order":0,"comment_status":"closed","ping_status":"closed","template":"","meta":{"footnotes":""},"class_list":["post-4523","page","type-page","status-publish","hentry","description-off"],"yoast_head":"<!-- This site is optimized with the Yoast SEO plugin v26.6 - https:\/\/yoast.com\/wordpress\/plugins\/seo\/ -->\n<title>Datenschutzrichtlinie | Bestem<\/title>\n<meta name=\"robots\" content=\"index, follow, max-snippet:-1, max-image-preview:large, max-video-preview:-1\" \/>\n<link rel=\"canonical\" href=\"https:\/\/bestem.com.pl\/datenschutzrichtlinie\/\" \/>\n<meta property=\"og:locale\" content=\"de_DE\" \/>\n<meta property=\"og:type\" content=\"article\" \/>\n<meta property=\"og:title\" content=\"Datenschutzrichtlinie | Bestem\" \/>\n<meta property=\"og:description\" content=\"Cookie-Richtlinie auf der Website www.bestem.com.pl &nbsp; Cookies Cookies (\u201eCookies\u201c) sind kleine Dateien, die auf Ihrem Computer oder einem anderen Ger\u00e4t gespeichert werden, wenn Sie Websites im Internet besuchen. &nbsp; Zweck, f\u00fcr den Cookies verwendet werden Cookies werden verwendet, um den Inhalt von Websites an Benutzerpr\u00e4ferenzen anzupassen und die Nutzung von Websites zu optimieren. Sie werden&hellip;\" \/>\n<meta property=\"og:url\" content=\"https:\/\/bestem.com.pl\/datenschutzrichtlinie\/\" \/>\n<meta property=\"og:site_name\" content=\"Bestem\" \/>\n<meta property=\"article:publisher\" content=\"https:\/\/www.facebook.com\/bestemcompany\/\" \/>\n<meta name=\"twitter:card\" content=\"summary_large_image\" \/>\n<meta name=\"twitter:label1\" content=\"Gesch\u00e4tzte Lesezeit\" \/>\n\t<meta name=\"twitter:data1\" content=\"4\u00a0Minuten\" \/>\n<script type=\"application\/ld+json\" class=\"yoast-schema-graph\">{\"@context\":\"https:\/\/schema.org\",\"@graph\":[{\"@type\":\"WebPage\",\"@id\":\"https:\/\/bestem.com.pl\/datenschutzrichtlinie\/\",\"url\":\"https:\/\/bestem.com.pl\/datenschutzrichtlinie\/\",\"name\":\"Datenschutzrichtlinie | Bestem\",\"isPartOf\":{\"@id\":\"https:\/\/bestem.com.pl\/#website\"},\"datePublished\":\"2024-03-12T17:18:49+00:00\",\"breadcrumb\":{\"@id\":\"https:\/\/bestem.com.pl\/datenschutzrichtlinie\/#breadcrumb\"},\"inLanguage\":\"de\",\"potentialAction\":[{\"@type\":\"ReadAction\",\"target\":[\"https:\/\/bestem.com.pl\/datenschutzrichtlinie\/\"]}]},{\"@type\":\"BreadcrumbList\",\"@id\":\"https:\/\/bestem.com.pl\/datenschutzrichtlinie\/#breadcrumb\",\"itemListElement\":[{\"@type\":\"ListItem\",\"position\":1,\"name\":\"Strona g\u0142\u00f3wna\",\"item\":\"https:\/\/bestem.com.pl\/?lang=de\"},{\"@type\":\"ListItem\",\"position\":2,\"name\":\"Datenschutzrichtlinie\"}]},{\"@type\":\"WebSite\",\"@id\":\"https:\/\/bestem.com.pl\/#website\",\"url\":\"https:\/\/bestem.com.pl\/\",\"name\":\"Bestem\",\"description\":\"Producent wype\u0142nie\u0144 papierowych typu plaster miodu\",\"potentialAction\":[{\"@type\":\"SearchAction\",\"target\":{\"@type\":\"EntryPoint\",\"urlTemplate\":\"https:\/\/bestem.com.pl\/?s={search_term_string}\"},\"query-input\":{\"@type\":\"PropertyValueSpecification\",\"valueRequired\":true,\"valueName\":\"search_term_string\"}}],\"inLanguage\":\"de\"}]}<\/script>\n<!-- \/ Yoast SEO plugin. -->","yoast_head_json":{"title":"Datenschutzrichtlinie | Bestem","robots":{"index":"index","follow":"follow","max-snippet":"max-snippet:-1","max-image-preview":"max-image-preview:large","max-video-preview":"max-video-preview:-1"},"canonical":"https:\/\/bestem.com.pl\/datenschutzrichtlinie\/","og_locale":"de_DE","og_type":"article","og_title":"Datenschutzrichtlinie | Bestem","og_description":"Cookie-Richtlinie auf der Website www.bestem.com.pl &nbsp; Cookies Cookies (\u201eCookies\u201c) sind kleine Dateien, die auf Ihrem Computer oder einem anderen Ger\u00e4t gespeichert werden, wenn Sie Websites im Internet besuchen. &nbsp; Zweck, f\u00fcr den Cookies verwendet werden Cookies werden verwendet, um den Inhalt von Websites an Benutzerpr\u00e4ferenzen anzupassen und die Nutzung von Websites zu optimieren. Sie werden&hellip;","og_url":"https:\/\/bestem.com.pl\/datenschutzrichtlinie\/","og_site_name":"Bestem","article_publisher":"https:\/\/www.facebook.com\/bestemcompany\/","twitter_card":"summary_large_image","twitter_misc":{"Gesch\u00e4tzte Lesezeit":"4\u00a0Minuten"},"schema":{"@context":"https:\/\/schema.org","@graph":[{"@type":"WebPage","@id":"https:\/\/bestem.com.pl\/datenschutzrichtlinie\/","url":"https:\/\/bestem.com.pl\/datenschutzrichtlinie\/","name":"Datenschutzrichtlinie | Bestem","isPartOf":{"@id":"https:\/\/bestem.com.pl\/#website"},"datePublished":"2024-03-12T17:18:49+00:00","breadcrumb":{"@id":"https:\/\/bestem.com.pl\/datenschutzrichtlinie\/#breadcrumb"},"inLanguage":"de","potentialAction":[{"@type":"ReadAction","target":["https:\/\/bestem.com.pl\/datenschutzrichtlinie\/"]}]},{"@type":"BreadcrumbList","@id":"https:\/\/bestem.com.pl\/datenschutzrichtlinie\/#breadcrumb","itemListElement":[{"@type":"ListItem","position":1,"name":"Strona g\u0142\u00f3wna","item":"https:\/\/bestem.com.pl\/?lang=de"},{"@type":"ListItem","position":2,"name":"Datenschutzrichtlinie"}]},{"@type":"WebSite","@id":"https:\/\/bestem.com.pl\/#website","url":"https:\/\/bestem.com.pl\/","name":"Bestem","description":"Producent wype\u0142nie\u0144 papierowych typu plaster miodu","potentialAction":[{"@type":"SearchAction","target":{"@type":"EntryPoint","urlTemplate":"https:\/\/bestem.com.pl\/?s={search_term_string}"},"query-input":{"@type":"PropertyValueSpecification","valueRequired":true,"valueName":"search_term_string"}}],"inLanguage":"de"}]}},"_links":{"self":[{"href":"https:\/\/bestem.com.pl\/de\/wp-json\/wp\/v2\/pages\/4523","targetHints":{"allow":["GET"]}}],"collection":[{"href":"https:\/\/bestem.com.pl\/de\/wp-json\/wp\/v2\/pages"}],"about":[{"href":"https:\/\/bestem.com.pl\/de\/wp-json\/wp\/v2\/types\/page"}],"author":[{"embeddable":true,"href":"https:\/\/bestem.com.pl\/de\/wp-json\/wp\/v2\/users\/1"}],"replies":[{"embeddable":true,"href":"https:\/\/bestem.com.pl\/de\/wp-json\/wp\/v2\/comments?post=4523"}],"version-history":[{"count":0,"href":"https:\/\/bestem.com.pl\/de\/wp-json\/wp\/v2\/pages\/4523\/revisions"}],"wp:attachment":[{"href":"https:\/\/bestem.com.pl\/de\/wp-json\/wp\/v2\/media?parent=4523"}],"curies":[{"name":"wp","href":"https:\/\/api.w.org\/{rel}","templated":true}]}}