{"id":1879,"date":"2018-10-20T13:48:28","date_gmt":"2018-10-20T11:48:28","guid":{"rendered":"https:\/\/bestem.com.pl\/dotacje\/"},"modified":"2018-11-28T16:17:26","modified_gmt":"2018-11-28T15:17:26","slug":"subsidies","status":"publish","type":"page","link":"https:\/\/bestem.com.pl\/en\/subsidies\/","title":{"rendered":"Subsidies"},"content":{"rendered":"<div class=\"wpb-content-wrapper\"><p>[vc_row][vc_column]<div id=\"ultimate-heading-704069f1225252768\" class=\"uvc-heading ult-adjust-bottom-margin ultimate-heading-704069f1225252768 uvc-3553 \" data-hspacer=\"no_spacer\"  data-halign=\"center\" style=\"text-align:center\"><div class=\"uvc-heading-spacer no_spacer\" style=\"top\"><\/div><div class=\"uvc-main-heading ult-responsive\"  data-ultimate-target='.uvc-heading.ultimate-heading-704069f1225252768 h2'  data-responsive-json-new='{\"font-size\":\"desktop:24px;\",\"line-height\":\"desktop:36px;\"}' ><h2 style=\"font-family:&#039;Poppins&#039;;font-weight:700;color:#333333;margin-bottom:12px;\">COFINANCING INFORMATIOIN<\/h2><\/div><\/div>[\/vc_column][\/vc_row][vc_row gap=&#8221;20&#8243; css=&#8221;.vc_custom_1540163829567{margin-top: 64px !important;}&#8221;][vc_column width=&#8221;1\/2&#8243;]<div class=\"ult-content-box-container \" >\t\t<div class=\"ult-content-box\" style=\"background-color:#ffffff;box-shadow: px px px px none;border-style:solid;border-width:1px;border-color:#eaeaea;padding:30px;min-height:365px;-webkit-transition: all 300ms ease;-moz-transition: all 300ms ease;-ms-transition: all 300ms ease;-o-transition: all 300ms ease;transition: all 300ms ease;\"  data-hover_box_shadow=\" 0px 0px 20px 0px #e8e8e8 \"  data-hover_border_color=\"#eaeaea\"     data-bg=\"#ffffff\"  data-border_color=\"#eaeaea\" >[vc_column_text]BESTEM Sp. z o. o. ul. G\u0142\u00f3wna 57a D\u0105br\u00f3wka Wlkp., 66 \u2013 210 Zb\u0105szynek, as part of LUBUSKIE REGIONAL OPERATIONAL PROGRAMME for the years 2007 \u2013 2013, Priority II \u201cStimulating growth of investments in enterprises and strengthening innovative potential\u201d implemented Measure 2.4 \u201dTransfer of research, modern technologies and innovation from the world of science to enterprises\u201d<\/p>\n<p>Project titled: \u201cDevelopment of research and development function at BESTEM\u201d<br \/>\nThe company implemented a project consisting in creating a laboratory together with purchasing new testing and measurement apparatus necessary to conduct scientific and research activity.<br \/>\n[\/vc_column_text][vc_single_image image=&#8221;1390&#8243; img_size=&#8221;large&#8221;]\t\t<\/div><\/div>[\/vc_column][vc_column width=&#8221;1\/2&#8243;]<div class=\"ult-content-box-container \" >\t\t<div class=\"ult-content-box\" style=\"background-color:#ffffff;box-shadow: px px px px none;border-style:solid;border-width:1px;border-color:#eaeaea;padding:30px;min-height:365px;-webkit-transition: all 300ms ease;-moz-transition: all 300ms ease;-ms-transition: all 300ms ease;-o-transition: all 300ms ease;transition: all 300ms ease;\"  data-hover_box_shadow=\" 0px 0px 20px 0px #e8e8e8 \"  data-hover_border_color=\"#eaeaea\"     data-bg=\"#ffffff\"  data-border_color=\"#eaeaea\" >[vc_column_text]BESTEM Sp. z o. o. ul. G\u0142\u00f3wna 57a D\u0105br\u00f3wka Wlkp., 66 \u2013 210 Zb\u0105szynek, as part of LUBUSKIE REGIONAL OPERATIONAL PROGRAMME for the years 2007 \u2013 2013, Priority II \u201cStimulating growth of investments in enterprises and strengthening innovative potential\u201d implemented Measure 2.4 \u201dTransfer of research, modern technologies and innovation from the world of science to enterprises\u201d<\/p>\n<p>Project titled: \u201cDevelopment of research and development function at BESTEM\u201d<br \/>\nThe company implemented a project consisting in creating a laboratory together with purchasing new testing and measurement apparatus necessary to conduct scientific and research activity.<br \/>\n[\/vc_column_text][vc_single_image image=&#8221;1390&#8243; img_size=&#8221;large&#8221;]\t\t<\/div><\/div>[\/vc_column][\/vc_row][vc_row bg_type=&#8221;image&#8221; parallax_style=&#8221;vcpb-vz-jquery&#8221; bg_image_new=&#8221;id^68|url^https:\/\/bestem.com.pl\/wp-content\/uploads\/2018\/10\/header-box-main.png|caption^null|alt^null|title^header-box-main|description^null&#8221; bg_image_repeat=&#8221;no-repeat&#8221; parallax_sense=&#8221;30&#8243; bg_override=&#8221;full&#8221; disable_on_mobile_img_parallax=&#8221;disable_on_mobile_img_parallax_value&#8221; enable_overlay=&#8221;enable_overlay_value&#8221; overlay_color=&#8221;rgba(2,2,2,0.1)&#8221; overlay_pattern=&#8221;transperant&#8221; css=&#8221;.vc_custom_1540155344722{margin-top: 96px !important;padding-top: 100px !important;padding-bottom: 100px !important;}&#8221;][vc_column]<div id=\"ultimate-heading-756769f122525285b\" class=\"uvc-heading ult-adjust-bottom-margin ultimate-heading-756769f122525285b uvc-6848 \" data-hspacer=\"no_spacer\"  data-halign=\"center\" style=\"text-align:center\"><div class=\"uvc-heading-spacer no_spacer\" style=\"top\"><\/div><div class=\"uvc-main-heading ult-responsive\"  data-ultimate-target='.uvc-heading.ultimate-heading-756769f122525285b h2'  data-responsive-json-new='{\"font-size\":\"desktop:42px;\",\"line-height\":\"desktop:56px;\"}' ><h2 style=\"font-family:&#039;Poppins&#039;;font-weight:700;color:#ffffff;margin-bottom:24px;\">WE CREATE PRODUCTS FOR YOU<br \/>\nIN HARMONY WITH NATURE<\/h2><\/div><div class=\"uvc-sub-heading ult-responsive\"  data-ultimate-target='.uvc-heading.ultimate-heading-756769f122525285b .uvc-sub-heading '  data-responsive-json-new='{\"font-size\":\"desktop:15px;\",\"line-height\":\"desktop:27px;\"}'  style=\"font-family:&#039;Poppins&#039;;font-weight:500;color:#ffffff;\">We are a socially responsible company. We are involved in the local community and we promote pro-ecological behaviours and attitudes. We create products for you in harmony with nature!<\/div><\/div>[\/vc_column][\/vc_row]<\/p>\n<\/div>","protected":false},"excerpt":{"rendered":"<p>[vc_row][vc_column][\/vc_column][\/vc_row][vc_row gap=&#8221;20&#8243; css=&#8221;.vc_custom_1540163829567{margin-top: 64px !important;}&#8221;][vc_column width=&#8221;1\/2&#8243;][\/vc_column][vc_column width=&#8221;1\/2&#8243;][\/vc_column][\/vc_row][vc_row bg_type=&#8221;image&#8221; parallax_style=&#8221;vcpb-vz-jquery&#8221; bg_image_new=&#8221;id^68|url^https:\/\/bestem.com.pl\/wp-content\/uploads\/2018\/10\/header-box-main.png|caption^null|alt^null|title^header-box-main|description^null&#8221; bg_image_repeat=&#8221;no-repeat&#8221; parallax_sense=&#8221;30&#8243; bg_override=&#8221;full&#8221; disable_on_mobile_img_parallax=&#8221;disable_on_mobile_img_parallax_value&#8221; enable_overlay=&#8221;enable_overlay_value&#8221; overlay_color=&#8221;rgba(2,2,2,0.1)&#8221; overlay_pattern=&#8221;transperant&#8221; css=&#8221;.vc_custom_1540155344722{margin-top: 96px !important;padding-top: 100px !important;padding-bottom: 100px !important;}&#8221;][vc_column][\/vc_column][\/vc_row]<\/p>\n","protected":false},"author":1,"featured_media":0,"parent":0,"menu_order":0,"comment_status":"closed","ping_status":"closed","template":"","meta":{"footnotes":""},"class_list":["post-1879","page","type-page","status-publish","hentry","description-off"],"yoast_head":"<!-- This site is optimized with the Yoast SEO plugin v26.6 - https:\/\/yoast.com\/wordpress\/plugins\/seo\/ -->\n<title>Subsidies | Bestem<\/title>\n<meta name=\"robots\" content=\"index, follow, max-snippet:-1, max-image-preview:large, max-video-preview:-1\" \/>\n<link rel=\"canonical\" href=\"https:\/\/bestem.com.pl\/subsidies\/?lang=en\" \/>\n<meta property=\"og:locale\" content=\"en_US\" \/>\n<meta property=\"og:type\" content=\"article\" \/>\n<meta property=\"og:title\" content=\"Subsidies | Bestem\" \/>\n<meta property=\"og:description\" content=\"[vc_row][vc_column][\/vc_column][\/vc_row][vc_row gap=&#8221;20&#8243; css=&#8221;.vc_custom_1540163829567{margin-top: 64px !important;}&#8221;][vc_column width=&#8221;1\/2&#8243;][\/vc_column][vc_column width=&#8221;1\/2&#8243;][\/vc_column][\/vc_row][vc_row bg_type=&#8221;image&#8221; parallax_style=&#8221;vcpb-vz-jquery&#8221; bg_image_new=&#8221;id^68|url^https:\/\/bestem.com.pl\/wp-content\/uploads\/2018\/10\/header-box-main.png|caption^null|alt^null|title^header-box-main|description^null&#8221; bg_image_repeat=&#8221;no-repeat&#8221; parallax_sense=&#8221;30&#8243; bg_override=&#8221;full&#8221; disable_on_mobile_img_parallax=&#8221;disable_on_mobile_img_parallax_value&#8221; enable_overlay=&#8221;enable_overlay_value&#8221; overlay_color=&#8221;rgba(2,2,2,0.1)&#8221; overlay_pattern=&#8221;transperant&#8221; css=&#8221;.vc_custom_1540155344722{margin-top: 96px !important;padding-top: 100px !important;padding-bottom: 100px !important;}&#8221;][vc_column][\/vc_column][\/vc_row]\" \/>\n<meta property=\"og:url\" content=\"https:\/\/bestem.com.pl\/subsidies\/?lang=en\" \/>\n<meta property=\"og:site_name\" content=\"Bestem\" \/>\n<meta property=\"article:publisher\" content=\"https:\/\/www.facebook.com\/bestemcompany\/\" \/>\n<meta property=\"article:modified_time\" content=\"2018-11-28T15:17:26+00:00\" \/>\n<meta name=\"twitter:card\" content=\"summary_large_image\" \/>\n<meta name=\"twitter:label1\" content=\"Est. reading time\" \/>\n\t<meta name=\"twitter:data1\" content=\"3 minutes\" \/>\n<script type=\"application\/ld+json\" class=\"yoast-schema-graph\">{\"@context\":\"https:\/\/schema.org\",\"@graph\":[{\"@type\":\"WebPage\",\"@id\":\"https:\/\/bestem.com.pl\/subsidies\/?lang=en\",\"url\":\"https:\/\/bestem.com.pl\/subsidies\/?lang=en\",\"name\":\"Subsidies | Bestem\",\"isPartOf\":{\"@id\":\"https:\/\/bestem.com.pl\/#website\"},\"datePublished\":\"2018-10-20T11:48:28+00:00\",\"dateModified\":\"2018-11-28T15:17:26+00:00\",\"breadcrumb\":{\"@id\":\"https:\/\/bestem.com.pl\/subsidies\/?lang=en#breadcrumb\"},\"inLanguage\":\"en-US\",\"potentialAction\":[{\"@type\":\"ReadAction\",\"target\":[\"https:\/\/bestem.com.pl\/subsidies\/?lang=en\"]}]},{\"@type\":\"BreadcrumbList\",\"@id\":\"https:\/\/bestem.com.pl\/subsidies\/?lang=en#breadcrumb\",\"itemListElement\":[{\"@type\":\"ListItem\",\"position\":1,\"name\":\"Strona g\u0142\u00f3wna\",\"item\":\"https:\/\/bestem.com.pl\/?lang=en\"},{\"@type\":\"ListItem\",\"position\":2,\"name\":\"Subsidies\"}]},{\"@type\":\"WebSite\",\"@id\":\"https:\/\/bestem.com.pl\/#website\",\"url\":\"https:\/\/bestem.com.pl\/\",\"name\":\"Bestem\",\"description\":\"Producent wype\u0142nie\u0144 papierowych typu plaster miodu\",\"potentialAction\":[{\"@type\":\"SearchAction\",\"target\":{\"@type\":\"EntryPoint\",\"urlTemplate\":\"https:\/\/bestem.com.pl\/?s={search_term_string}\"},\"query-input\":{\"@type\":\"PropertyValueSpecification\",\"valueRequired\":true,\"valueName\":\"search_term_string\"}}],\"inLanguage\":\"en-US\"}]}<\/script>\n<!-- \/ Yoast SEO plugin. -->","yoast_head_json":{"title":"Subsidies | Bestem","robots":{"index":"index","follow":"follow","max-snippet":"max-snippet:-1","max-image-preview":"max-image-preview:large","max-video-preview":"max-video-preview:-1"},"canonical":"https:\/\/bestem.com.pl\/subsidies\/?lang=en","og_locale":"en_US","og_type":"article","og_title":"Subsidies | Bestem","og_description":"[vc_row][vc_column][\/vc_column][\/vc_row][vc_row gap=&#8221;20&#8243; css=&#8221;.vc_custom_1540163829567{margin-top: 64px !important;}&#8221;][vc_column width=&#8221;1\/2&#8243;][\/vc_column][vc_column width=&#8221;1\/2&#8243;][\/vc_column][\/vc_row][vc_row bg_type=&#8221;image&#8221; parallax_style=&#8221;vcpb-vz-jquery&#8221; bg_image_new=&#8221;id^68|url^https:\/\/bestem.com.pl\/wp-content\/uploads\/2018\/10\/header-box-main.png|caption^null|alt^null|title^header-box-main|description^null&#8221; bg_image_repeat=&#8221;no-repeat&#8221; parallax_sense=&#8221;30&#8243; bg_override=&#8221;full&#8221; disable_on_mobile_img_parallax=&#8221;disable_on_mobile_img_parallax_value&#8221; enable_overlay=&#8221;enable_overlay_value&#8221; overlay_color=&#8221;rgba(2,2,2,0.1)&#8221; overlay_pattern=&#8221;transperant&#8221; css=&#8221;.vc_custom_1540155344722{margin-top: 96px !important;padding-top: 100px !important;padding-bottom: 100px !important;}&#8221;][vc_column][\/vc_column][\/vc_row]","og_url":"https:\/\/bestem.com.pl\/subsidies\/?lang=en","og_site_name":"Bestem","article_publisher":"https:\/\/www.facebook.com\/bestemcompany\/","article_modified_time":"2018-11-28T15:17:26+00:00","twitter_card":"summary_large_image","twitter_misc":{"Est. reading time":"3 minutes"},"schema":{"@context":"https:\/\/schema.org","@graph":[{"@type":"WebPage","@id":"https:\/\/bestem.com.pl\/subsidies\/?lang=en","url":"https:\/\/bestem.com.pl\/subsidies\/?lang=en","name":"Subsidies | Bestem","isPartOf":{"@id":"https:\/\/bestem.com.pl\/#website"},"datePublished":"2018-10-20T11:48:28+00:00","dateModified":"2018-11-28T15:17:26+00:00","breadcrumb":{"@id":"https:\/\/bestem.com.pl\/subsidies\/?lang=en#breadcrumb"},"inLanguage":"en-US","potentialAction":[{"@type":"ReadAction","target":["https:\/\/bestem.com.pl\/subsidies\/?lang=en"]}]},{"@type":"BreadcrumbList","@id":"https:\/\/bestem.com.pl\/subsidies\/?lang=en#breadcrumb","itemListElement":[{"@type":"ListItem","position":1,"name":"Strona g\u0142\u00f3wna","item":"https:\/\/bestem.com.pl\/?lang=en"},{"@type":"ListItem","position":2,"name":"Subsidies"}]},{"@type":"WebSite","@id":"https:\/\/bestem.com.pl\/#website","url":"https:\/\/bestem.com.pl\/","name":"Bestem","description":"Producent wype\u0142nie\u0144 papierowych typu plaster miodu","potentialAction":[{"@type":"SearchAction","target":{"@type":"EntryPoint","urlTemplate":"https:\/\/bestem.com.pl\/?s={search_term_string}"},"query-input":{"@type":"PropertyValueSpecification","valueRequired":true,"valueName":"search_term_string"}}],"inLanguage":"en-US"}]}},"_links":{"self":[{"href":"https:\/\/bestem.com.pl\/en\/wp-json\/wp\/v2\/pages\/1879","targetHints":{"allow":["GET"]}}],"collection":[{"href":"https:\/\/bestem.com.pl\/en\/wp-json\/wp\/v2\/pages"}],"about":[{"href":"https:\/\/bestem.com.pl\/en\/wp-json\/wp\/v2\/types\/page"}],"author":[{"embeddable":true,"href":"https:\/\/bestem.com.pl\/en\/wp-json\/wp\/v2\/users\/1"}],"replies":[{"embeddable":true,"href":"https:\/\/bestem.com.pl\/en\/wp-json\/wp\/v2\/comments?post=1879"}],"version-history":[{"count":2,"href":"https:\/\/bestem.com.pl\/en\/wp-json\/wp\/v2\/pages\/1879\/revisions"}],"predecessor-version":[{"id":1881,"href":"https:\/\/bestem.com.pl\/en\/wp-json\/wp\/v2\/pages\/1879\/revisions\/1881"}],"wp:attachment":[{"href":"https:\/\/bestem.com.pl\/en\/wp-json\/wp\/v2\/media?parent=1879"}],"curies":[{"name":"wp","href":"https:\/\/api.w.org\/{rel}","templated":true}]}}