{"id":1887,"date":"2018-10-20T13:49:01","date_gmt":"2018-10-20T11:49:01","guid":{"rendered":"https:\/\/bestem.com.pl\/kontakt\/"},"modified":"2022-02-07T11:29:53","modified_gmt":"2022-02-07T10:29:53","slug":"contact","status":"publish","type":"page","link":"https:\/\/bestem.com.pl\/en\/contact\/","title":{"rendered":"Contact"},"content":{"rendered":"<div class=\"wpb-content-wrapper\"><p>[vc_row gap=&#8221;35&#8243;][vc_column]<div id=\"ultimate-heading-211169e479c452e34\" class=\"uvc-heading ult-adjust-bottom-margin ultimate-heading-211169e479c452e34 uvc-7761 \" data-hspacer=\"no_spacer\"  data-halign=\"left\" style=\"text-align:left\"><div class=\"uvc-heading-spacer no_spacer\" style=\"top\"><\/div><div class=\"uvc-main-heading ult-responsive\"  data-ultimate-target='.uvc-heading.ultimate-heading-211169e479c452e34 h2'  data-responsive-json-new='{\"font-size\":\"desktop:24px;\",\"line-height\":\"desktop:26px;\"}' ><h2 style=\"font-family:&#039;Poppins&#039;;font-weight:700;color:#333333;margin-bottom:12px;\">Contact Us<\/h2><\/div><div class=\"uvc-sub-heading ult-responsive\"  data-ultimate-target='.uvc-heading.ultimate-heading-211169e479c452e34 .uvc-sub-heading '  data-responsive-json-new='{\"font-size\":\"desktop:15px;\",\"line-height\":\"desktop:27px;\"}'  style=\"font-family:&#039;Rubik&#039;;font-weight:300;\"><span id=\"result_box\" class=\"short_text\" lang=\"en\"><span class=\"\">Do you have any questions for us?<\/span><\/span><\/div><\/div><div class=\"ult-spacer spacer-69e479c452ebe\" data-id=\"69e479c452ebe\" data-height=\"36\" data-height-mobile=\"36\" data-height-tab=\"36\" data-height-tab-portrait=\"\" data-height-mobile-landscape=\"\" style=\"clear:both;display:block;\"><\/div>[vc_row_inner][vc_column_inner width=&#8221;1\/3&#8243;]<div class=\"aio-icon-component    style_1\"><div id=\"Info-box-wrap-1179\" class=\"aio-icon-box left-icon\" style=\"\"  ><div class=\"aio-icon-left\"><div class=\"ult-just-icon-wrapper  \"><div class=\"align-icon\" style=\"text-align:center;\">\n<div class=\"aio-icon none \"  style=\"color:#333;font-size:24px;display:inline-block;\">\n\t<i class=\"Defaults-phone\"><\/i>\n<\/div><\/div><\/div><\/div><div class=\"aio-ibd-block\"><div class=\"aio-icon-header\" ><h3 class=\"aio-icon-title ult-responsive\"  data-ultimate-target='#Info-box-wrap-1179 .aio-icon-title'  data-responsive-json-new='{\"font-size\":\"desktop:18px;\",\"line-height\":\"desktop:24px;\"}'  style=\"font-family:&#039;Poppins&#039;;font-weight:500;color:#333333;\">Phone<\/h3><\/div> <!-- header --><div class=\"aio-icon-description ult-responsive\"  data-ultimate-target='#Info-box-wrap-1179 .aio-icon-description'  data-responsive-json-new='{\"font-size\":\"desktop:15px;\",\"line-height\":\"desktop:25px;\"}'  style=\"font-family:&#039;Rubik&#039;;font-weight:300;\">tel. <a href=\"tel:+48515032069\">+48 515 032 069<\/a><br \/>\ntel. <a href=\"tel:+48683847237\">+48 68 38 47 237<\/a><\/div> <!-- description --><\/div> <!-- aio-ibd-block --><\/div> <!-- aio-icon-box --><\/div> <!-- aio-icon-component --><div class=\"aio-icon-component    style_1\"><div id=\"Info-box-wrap-3534\" class=\"aio-icon-box left-icon\" style=\"\"  ><div class=\"aio-icon-left\"><div class=\"ult-just-icon-wrapper  \"><div class=\"align-icon\" style=\"text-align:center;\">\n<div class=\"aio-icon none \"  style=\"color:#333;font-size:24px;display:inline-block;\">\n\t<i class=\"Defaults-envelope\"><\/i>\n<\/div><\/div><\/div><\/div><div class=\"aio-ibd-block\"><div class=\"aio-icon-header\" ><h3 class=\"aio-icon-title ult-responsive\"  data-ultimate-target='#Info-box-wrap-3534 .aio-icon-title'  data-responsive-json-new='{\"font-size\":\"desktop:18px;\",\"line-height\":\"desktop:24px;\"}'  style=\"font-family:&#039;Poppins&#039;;font-weight:500;color:#333333;\">Mail<\/h3><\/div> <!-- header --><div class=\"aio-icon-description ult-responsive\"  data-ultimate-target='#Info-box-wrap-3534 .aio-icon-description'  data-responsive-json-new='{\"font-size\":\"desktop:15px;\",\"line-height\":\"desktop:25px;\"}'  style=\"font-family:&#039;Rubik&#039;;font-weight:300;\"><a href=\"mailto:biuro@bestem.com.pl\">biuro@bestem.com.pl<\/a><\/div> <!-- description --><\/div> <!-- aio-ibd-block --><\/div> <!-- aio-icon-box --><\/div> <!-- aio-icon-component -->[\/vc_column_inner][vc_column_inner width=&#8221;1\/3&#8243;]<div class=\"aio-icon-component    style_1\"><div id=\"Info-box-wrap-9448\" class=\"aio-icon-box left-icon\" style=\"\"  ><div class=\"aio-icon-left\"><div class=\"ult-just-icon-wrapper  \"><div class=\"align-icon\" style=\"text-align:center;\">\n<div class=\"aio-icon none \"  style=\"color:#333;font-size:24px;display:inline-block;\">\n\t<i class=\"Defaults-map-marker\"><\/i>\n<\/div><\/div><\/div><\/div><div class=\"aio-ibd-block\"><div class=\"aio-icon-header\" ><h3 class=\"aio-icon-title ult-responsive\"  data-ultimate-target='#Info-box-wrap-9448 .aio-icon-title'  data-responsive-json-new='{\"font-size\":\"desktop:18px;\",\"line-height\":\"desktop:24px;\"}'  style=\"font-family:&#039;Poppins&#039;;font-weight:500;color:#333333;\">Bestem Sp. z o.o.<\/h3><\/div> <!-- header --><div class=\"aio-icon-description ult-responsive\"  data-ultimate-target='#Info-box-wrap-9448 .aio-icon-description'  data-responsive-json-new='{\"font-size\":\"desktop:15px;\",\"line-height\":\"desktop:25px;\"}'  style=\"font-family:&#039;Rubik&#039;;font-weight:300;\">D\u0105br\u00f3wka Wielkopolska<br \/>\nul. G\u0142\u00f3wna 57 A, 66-210 Zb\u0105szynek<br \/>\nWoj. Lubuskie<br \/>\nPoland<\/div> <!-- description --><\/div> <!-- aio-ibd-block --><\/div> <!-- aio-icon-box --><\/div> <!-- aio-icon-component --><div class=\"aio-icon-component    style_1\"><div id=\"Info-box-wrap-1859\" class=\"aio-icon-box left-icon\" style=\"\"  ><div class=\"aio-icon-left\"><div class=\"ult-just-icon-wrapper  \"><div class=\"align-icon\" style=\"text-align:center;\">\n<div class=\"aio-icon none \"  style=\"color:#333;font-size:24px;display:inline-block;\">\n\t<i class=\"Defaults-cog gear\"><\/i>\n<\/div><\/div><\/div><\/div><div class=\"aio-ibd-block\"><div class=\"aio-icon-header\" ><h3 class=\"aio-icon-title ult-responsive\"  data-ultimate-target='#Info-box-wrap-1859 .aio-icon-title'  data-responsive-json-new='{\"font-size\":\"desktop:18px;\",\"line-height\":\"desktop:24px;\"}'  style=\"font-family:&#039;Poppins&#039;;font-weight:500;color:#333333;\">Company's data<\/h3><\/div> <!-- header --><div class=\"aio-icon-description ult-responsive\"  data-ultimate-target='#Info-box-wrap-1859 .aio-icon-description'  data-responsive-json-new='{\"font-size\":\"desktop:15px;\",\"line-height\":\"desktop:25px;\"}'  style=\"font-family:&#039;Rubik&#039;;font-weight:300;\">NIP 788-19-17-600, REGON 300325810<br \/>\nKRS: 0000257150, BDO: 000021159<\/p>\n<p><span id=\"result_box\" class=\"\" lang=\"en\" tabindex=\"-1\">District Court in Zielona G\u00f3ra, 8th Commercial Division of the National Court Register. <span class=\"\">The amount of the share capital: PLN 50,000.00<\/span><\/span><\/div> <!-- description --><\/div> <!-- aio-ibd-block --><\/div> <!-- aio-icon-box --><\/div> <!-- aio-icon-component -->[\/vc_column_inner][vc_column_inner width=&#8221;1\/3&#8243;][\/vc_column_inner][\/vc_row_inner][\/vc_column][\/vc_row][vc_row full_width=&#8221;stretch_row_content_no_spaces&#8221; css=&#8221;.vc_custom_1540173728583{margin-top: 64px !important;margin-bottom: -35px !important;}&#8221;][vc_column][vc_gmaps link=&#8221;#E-8_JTNDaWZyYW1lJTIwc3JjJTNEJTIyaHR0cHMlM0ElMkYlMkZ3d3cuZ29vZ2xlLmNvbSUyRm1hcHMlMkZlbWJlZCUzRnBiJTNEJTIxMW0xOCUyMTFtMTIlMjExbTMlMjExZDgyMTEuODg3NzkyNDgxNjAyJTIxMmQxNS44MjM0NjEzNTczMDEwNSUyMTNkNTIuMjcyMjc5MDkyNzY3MiUyMTJtMyUyMTFmMCUyMTJmMCUyMTNmMCUyMTNtMiUyMTFpMTAyNCUyMTJpNzY4JTIxNGYxMy4xJTIxM20zJTIxMW0yJTIxMXMweDQ3MDY3ZTlmMTc2ZTFmNzMlMjUzQTB4NjhhNTNlYzcyYThjNmQyYyUyMTJzQmVzdGVtJTJCU3AuJTJCeiUyQm8uby4lMjE1ZTAlMjEzbTIlMjExc3BsJTIxMnNkZSUyMTR2MTU0MDIxNDEyODE2NSUyMiUyMHdpZHRoJTNEJTIyNjAwJTIyJTIwaGVpZ2h0JTNEJTIyNDUwJTIyJTIwZnJhbWVib3JkZXIlM0QlMjIwJTIyJTIwc3R5bGUlM0QlMjJib3JkZXIlM0EwJTIyJTIwYWxsb3dmdWxsc2NyZWVuJTNFJTNDJTJGaWZyYW1lJTNF&#8221; size=&#8221;550&#8243;][\/vc_column][\/vc_row]<\/p>\n<\/div>","protected":false},"excerpt":{"rendered":"<p>[vc_row gap=&#8221;35&#8243;][vc_column][vc_row_inner][vc_column_inner width=&#8221;1\/3&#8243;][\/vc_column_inner][vc_column_inner width=&#8221;1\/3&#8243;][\/vc_column_inner][vc_column_inner width=&#8221;1\/3&#8243;][\/vc_column_inner][\/vc_row_inner][\/vc_column][\/vc_row][vc_row full_width=&#8221;stretch_row_content_no_spaces&#8221; css=&#8221;.vc_custom_1540173728583{margin-top: 64px !important;margin-bottom: -35px !important;}&#8221;][vc_column][vc_gmaps link=&#8221;#E-8_JTNDaWZyYW1lJTIwc3JjJTNEJTIyaHR0cHMlM0ElMkYlMkZ3d3cuZ29vZ2xlLmNvbSUyRm1hcHMlMkZlbWJlZCUzRnBiJTNEJTIxMW0xOCUyMTFtMTIlMjExbTMlMjExZDgyMTEuODg3NzkyNDgxNjAyJTIxMmQxNS44MjM0NjEzNTczMDEwNSUyMTNkNTIuMjcyMjc5MDkyNzY3MiUyMTJtMyUyMTFmMCUyMTJmMCUyMTNmMCUyMTNtMiUyMTFpMTAyNCUyMTJpNzY4JTIxNGYxMy4xJTIxM20zJTIxMW0yJTIxMXMweDQ3MDY3ZTlmMTc2ZTFmNzMlMjUzQTB4NjhhNTNlYzcyYThjNmQyYyUyMTJzQmVzdGVtJTJCU3AuJTJCeiUyQm8uby4lMjE1ZTAlMjEzbTIlMjExc3BsJTIxMnNkZSUyMTR2MTU0MDIxNDEyODE2NSUyMiUyMHdpZHRoJTNEJTIyNjAwJTIyJTIwaGVpZ2h0JTNEJTIyNDUwJTIyJTIwZnJhbWVib3JkZXIlM0QlMjIwJTIyJTIwc3R5bGUlM0QlMjJib3JkZXIlM0EwJTIyJTIwYWxsb3dmdWxsc2NyZWVuJTNFJTNDJTJGaWZyYW1lJTNF&#8221; size=&#8221;550&#8243;][\/vc_column][\/vc_row]<\/p>\n","protected":false},"author":1,"featured_media":0,"parent":0,"menu_order":0,"comment_status":"closed","ping_status":"closed","template":"","meta":{"footnotes":""},"class_list":["post-1887","page","type-page","status-publish","hentry","description-off"],"yoast_head":"<!-- This site is optimized with the Yoast SEO plugin v26.6 - https:\/\/yoast.com\/wordpress\/plugins\/seo\/ -->\n<title>Contact | Bestem<\/title>\n<meta name=\"robots\" content=\"index, follow, max-snippet:-1, max-image-preview:large, max-video-preview:-1\" \/>\n<link rel=\"canonical\" href=\"https:\/\/bestem.com.pl\/contact\/?lang=en\" \/>\n<meta property=\"og:locale\" content=\"en_US\" \/>\n<meta property=\"og:type\" content=\"article\" \/>\n<meta property=\"og:title\" content=\"Contact | Bestem\" \/>\n<meta property=\"og:description\" content=\"[vc_row gap=&#8221;35&#8243;][vc_column][vc_row_inner][vc_column_inner width=&#8221;1\/3&#8243;][\/vc_column_inner][vc_column_inner width=&#8221;1\/3&#8243;][\/vc_column_inner][vc_column_inner width=&#8221;1\/3&#8243;][\/vc_column_inner][\/vc_row_inner][\/vc_column][\/vc_row][vc_row full_width=&#8221;stretch_row_content_no_spaces&#8221; css=&#8221;.vc_custom_1540173728583{margin-top: 64px !important;margin-bottom: -35px !important;}&#8221;][vc_column][vc_gmaps link=&#8221;#E-8_JTNDaWZyYW1lJTIwc3JjJTNEJTIyaHR0cHMlM0ElMkYlMkZ3d3cuZ29vZ2xlLmNvbSUyRm1hcHMlMkZlbWJlZCUzRnBiJTNEJTIxMW0xOCUyMTFtMTIlMjExbTMlMjExZDgyMTEuODg3NzkyNDgxNjAyJTIxMmQxNS44MjM0NjEzNTczMDEwNSUyMTNkNTIuMjcyMjc5MDkyNzY3MiUyMTJtMyUyMTFmMCUyMTJmMCUyMTNmMCUyMTNtMiUyMTFpMTAyNCUyMTJpNzY4JTIxNGYxMy4xJTIxM20zJTIxMW0yJTIxMXMweDQ3MDY3ZTlmMTc2ZTFmNzMlMjUzQTB4NjhhNTNlYzcyYThjNmQyYyUyMTJzQmVzdGVtJTJCU3AuJTJCeiUyQm8uby4lMjE1ZTAlMjEzbTIlMjExc3BsJTIxMnNkZSUyMTR2MTU0MDIxNDEyODE2NSUyMiUyMHdpZHRoJTNEJTIyNjAwJTIyJTIwaGVpZ2h0JTNEJTIyNDUwJTIyJTIwZnJhbWVib3JkZXIlM0QlMjIwJTIyJTIwc3R5bGUlM0QlMjJib3JkZXIlM0EwJTIyJTIwYWxsb3dmdWxsc2NyZWVuJTNFJTNDJTJGaWZyYW1lJTNF&#8221; size=&#8221;550&#8243;][\/vc_column][\/vc_row]\" \/>\n<meta property=\"og:url\" content=\"https:\/\/bestem.com.pl\/contact\/?lang=en\" \/>\n<meta property=\"og:site_name\" content=\"Bestem\" \/>\n<meta property=\"article:publisher\" content=\"https:\/\/www.facebook.com\/bestemcompany\/\" \/>\n<meta property=\"article:modified_time\" content=\"2022-02-07T10:29:53+00:00\" \/>\n<meta name=\"twitter:card\" content=\"summary_large_image\" \/>\n<meta name=\"twitter:label1\" content=\"Est. reading time\" \/>\n\t<meta name=\"twitter:data1\" content=\"1 minute\" \/>\n<script type=\"application\/ld+json\" class=\"yoast-schema-graph\">{\"@context\":\"https:\/\/schema.org\",\"@graph\":[{\"@type\":\"WebPage\",\"@id\":\"https:\/\/bestem.com.pl\/contact\/?lang=en\",\"url\":\"https:\/\/bestem.com.pl\/contact\/?lang=en\",\"name\":\"Contact | Bestem\",\"isPartOf\":{\"@id\":\"https:\/\/bestem.com.pl\/#website\"},\"datePublished\":\"2018-10-20T11:49:01+00:00\",\"dateModified\":\"2022-02-07T10:29:53+00:00\",\"breadcrumb\":{\"@id\":\"https:\/\/bestem.com.pl\/contact\/?lang=en#breadcrumb\"},\"inLanguage\":\"en-US\",\"potentialAction\":[{\"@type\":\"ReadAction\",\"target\":[\"https:\/\/bestem.com.pl\/contact\/?lang=en\"]}]},{\"@type\":\"BreadcrumbList\",\"@id\":\"https:\/\/bestem.com.pl\/contact\/?lang=en#breadcrumb\",\"itemListElement\":[{\"@type\":\"ListItem\",\"position\":1,\"name\":\"Strona g\u0142\u00f3wna\",\"item\":\"https:\/\/bestem.com.pl\/?lang=en\"},{\"@type\":\"ListItem\",\"position\":2,\"name\":\"Contact\"}]},{\"@type\":\"WebSite\",\"@id\":\"https:\/\/bestem.com.pl\/#website\",\"url\":\"https:\/\/bestem.com.pl\/\",\"name\":\"Bestem\",\"description\":\"Producent wype\u0142nie\u0144 papierowych typu plaster miodu\",\"potentialAction\":[{\"@type\":\"SearchAction\",\"target\":{\"@type\":\"EntryPoint\",\"urlTemplate\":\"https:\/\/bestem.com.pl\/?s={search_term_string}\"},\"query-input\":{\"@type\":\"PropertyValueSpecification\",\"valueRequired\":true,\"valueName\":\"search_term_string\"}}],\"inLanguage\":\"en-US\"}]}<\/script>\n<!-- \/ Yoast SEO plugin. -->","yoast_head_json":{"title":"Contact | Bestem","robots":{"index":"index","follow":"follow","max-snippet":"max-snippet:-1","max-image-preview":"max-image-preview:large","max-video-preview":"max-video-preview:-1"},"canonical":"https:\/\/bestem.com.pl\/contact\/?lang=en","og_locale":"en_US","og_type":"article","og_title":"Contact | Bestem","og_description":"[vc_row gap=&#8221;35&#8243;][vc_column][vc_row_inner][vc_column_inner width=&#8221;1\/3&#8243;][\/vc_column_inner][vc_column_inner width=&#8221;1\/3&#8243;][\/vc_column_inner][vc_column_inner width=&#8221;1\/3&#8243;][\/vc_column_inner][\/vc_row_inner][\/vc_column][\/vc_row][vc_row full_width=&#8221;stretch_row_content_no_spaces&#8221; css=&#8221;.vc_custom_1540173728583{margin-top: 64px !important;margin-bottom: -35px !important;}&#8221;][vc_column][vc_gmaps link=&#8221;#E-8_JTNDaWZyYW1lJTIwc3JjJTNEJTIyaHR0cHMlM0ElMkYlMkZ3d3cuZ29vZ2xlLmNvbSUyRm1hcHMlMkZlbWJlZCUzRnBiJTNEJTIxMW0xOCUyMTFtMTIlMjExbTMlMjExZDgyMTEuODg3NzkyNDgxNjAyJTIxMmQxNS44MjM0NjEzNTczMDEwNSUyMTNkNTIuMjcyMjc5MDkyNzY3MiUyMTJtMyUyMTFmMCUyMTJmMCUyMTNmMCUyMTNtMiUyMTFpMTAyNCUyMTJpNzY4JTIxNGYxMy4xJTIxM20zJTIxMW0yJTIxMXMweDQ3MDY3ZTlmMTc2ZTFmNzMlMjUzQTB4NjhhNTNlYzcyYThjNmQyYyUyMTJzQmVzdGVtJTJCU3AuJTJCeiUyQm8uby4lMjE1ZTAlMjEzbTIlMjExc3BsJTIxMnNkZSUyMTR2MTU0MDIxNDEyODE2NSUyMiUyMHdpZHRoJTNEJTIyNjAwJTIyJTIwaGVpZ2h0JTNEJTIyNDUwJTIyJTIwZnJhbWVib3JkZXIlM0QlMjIwJTIyJTIwc3R5bGUlM0QlMjJib3JkZXIlM0EwJTIyJTIwYWxsb3dmdWxsc2NyZWVuJTNFJTNDJTJGaWZyYW1lJTNF&#8221; size=&#8221;550&#8243;][\/vc_column][\/vc_row]","og_url":"https:\/\/bestem.com.pl\/contact\/?lang=en","og_site_name":"Bestem","article_publisher":"https:\/\/www.facebook.com\/bestemcompany\/","article_modified_time":"2022-02-07T10:29:53+00:00","twitter_card":"summary_large_image","twitter_misc":{"Est. reading time":"1 minute"},"schema":{"@context":"https:\/\/schema.org","@graph":[{"@type":"WebPage","@id":"https:\/\/bestem.com.pl\/contact\/?lang=en","url":"https:\/\/bestem.com.pl\/contact\/?lang=en","name":"Contact | Bestem","isPartOf":{"@id":"https:\/\/bestem.com.pl\/#website"},"datePublished":"2018-10-20T11:49:01+00:00","dateModified":"2022-02-07T10:29:53+00:00","breadcrumb":{"@id":"https:\/\/bestem.com.pl\/contact\/?lang=en#breadcrumb"},"inLanguage":"en-US","potentialAction":[{"@type":"ReadAction","target":["https:\/\/bestem.com.pl\/contact\/?lang=en"]}]},{"@type":"BreadcrumbList","@id":"https:\/\/bestem.com.pl\/contact\/?lang=en#breadcrumb","itemListElement":[{"@type":"ListItem","position":1,"name":"Strona g\u0142\u00f3wna","item":"https:\/\/bestem.com.pl\/?lang=en"},{"@type":"ListItem","position":2,"name":"Contact"}]},{"@type":"WebSite","@id":"https:\/\/bestem.com.pl\/#website","url":"https:\/\/bestem.com.pl\/","name":"Bestem","description":"Producent wype\u0142nie\u0144 papierowych typu plaster miodu","potentialAction":[{"@type":"SearchAction","target":{"@type":"EntryPoint","urlTemplate":"https:\/\/bestem.com.pl\/?s={search_term_string}"},"query-input":{"@type":"PropertyValueSpecification","valueRequired":true,"valueName":"search_term_string"}}],"inLanguage":"en-US"}]}},"_links":{"self":[{"href":"https:\/\/bestem.com.pl\/en\/wp-json\/wp\/v2\/pages\/1887","targetHints":{"allow":["GET"]}}],"collection":[{"href":"https:\/\/bestem.com.pl\/en\/wp-json\/wp\/v2\/pages"}],"about":[{"href":"https:\/\/bestem.com.pl\/en\/wp-json\/wp\/v2\/types\/page"}],"author":[{"embeddable":true,"href":"https:\/\/bestem.com.pl\/en\/wp-json\/wp\/v2\/users\/1"}],"replies":[{"embeddable":true,"href":"https:\/\/bestem.com.pl\/en\/wp-json\/wp\/v2\/comments?post=1887"}],"version-history":[{"count":10,"href":"https:\/\/bestem.com.pl\/en\/wp-json\/wp\/v2\/pages\/1887\/revisions"}],"predecessor-version":[{"id":4247,"href":"https:\/\/bestem.com.pl\/en\/wp-json\/wp\/v2\/pages\/1887\/revisions\/4247"}],"wp:attachment":[{"href":"https:\/\/bestem.com.pl\/en\/wp-json\/wp\/v2\/media?parent=1887"}],"curies":[{"name":"wp","href":"https:\/\/api.w.org\/{rel}","templated":true}]}}